{"id":21,"date":"2013-03-08T12:13:28","date_gmt":"2013-03-08T12:13:28","guid":{"rendered":"http:\/\/pedrosilva.us\/junta\/?page_id=21"},"modified":"2013-03-08T12:13:28","modified_gmt":"2013-03-08T12:13:28","slug":"ligacoes-uteis","status":"publish","type":"page","link":"https:\/\/jf-moinhosdagandara.pt\/?page_id=21","title":{"rendered":"Liga\u00e7\u00f5es \u00fateis"},"content":{"rendered":"<p><a href=\"https:\/\/jf-moinhosdagandara.pt\/wp-content\/uploads\/2013\/03\/logo_CM.jpg\"><img decoding=\"async\" class=\"alignnone size-full wp-image-115\" alt=\"logo_CM\" src=\"https:\/\/jf-moinhosdagandara.pt\/wp-content\/uploads\/2013\/03\/logo_CM.jpg\" width=\"83\" height=\"55\" \/><\/a><\/p>\n<p><a href=\"http:\/\/www.figueiradigital.com\/\" target=\"_blank\">C\u00e2mara Municipal da Figueira da Foz<\/a><\/p>\n<p><a href=\"https:\/\/jf-moinhosdagandara.pt\/wp-content\/uploads\/2013\/03\/logo_FGT.jpg\"><img decoding=\"async\" class=\"alignnone size-full wp-image-116\" alt=\"logo_FGT\" src=\"https:\/\/jf-moinhosdagandara.pt\/wp-content\/uploads\/2013\/03\/logo_FGT.jpg\" width=\"43\" height=\"55\" \/><\/a><\/p>\n<p><a href=\"http:\/\/www.figueiraturismo.com\/\" target=\"_blank\">Figueira Grande Turismo<\/a><\/p>\n<p><a href=\"https:\/\/jf-moinhosdagandara.pt\/wp-content\/uploads\/2013\/03\/logo_cae.jpg\"><img decoding=\"async\" class=\"alignnone size-full wp-image-114\" alt=\"logo_cae\" src=\"https:\/\/jf-moinhosdagandara.pt\/wp-content\/uploads\/2013\/03\/logo_cae.jpg\" width=\"61\" height=\"28\" \/><\/a><\/p>\n<p><a href=\"http:\/\/www.cae.pt\/\" target=\"_blank\">CAE &#8211; Centro de Artes e Espect\u00e1culos<\/a><\/p>\n<p><a href=\"https:\/\/jf-moinhosdagandara.pt\/wp-content\/uploads\/2013\/03\/logo_bombeiros.jpg\"><img loading=\"lazy\" decoding=\"async\" class=\"alignnone size-full wp-image-113\" alt=\"logo_bombeiros\" src=\"https:\/\/jf-moinhosdagandara.pt\/wp-content\/uploads\/2013\/03\/logo_bombeiros.jpg\" width=\"39\" height=\"55\" \/><\/a><\/p>\n<p><a href=\"http:\/\/www.geocities.com\/bvff_2000\/\" target=\"_blank\">Bombeiros Volunt\u00e1rios da Figueira da Foz<\/a><\/p>\n<p><a href=\"https:\/\/jf-moinhosdagandara.pt\/wp-content\/uploads\/2013\/03\/logo_hospital.jpg\"><img loading=\"lazy\" decoding=\"async\" class=\"alignnone size-full wp-image-119\" alt=\"logo_hospital\" src=\"https:\/\/jf-moinhosdagandara.pt\/wp-content\/uploads\/2013\/03\/logo_hospital.jpg\" width=\"108\" height=\"55\" \/><\/a><\/p>\n<p><a href=\"http:\/\/www.hdfigueira.min-saude.pt\/\" target=\"_blank\">Hospital Distrital da Figueira da Foz<\/a><\/p>\n<p><a href=\"https:\/\/jf-moinhosdagandara.pt\/wp-content\/uploads\/2013\/03\/logo_PSP.jpg\"><img loading=\"lazy\" decoding=\"async\" class=\"alignnone size-full wp-image-121\" alt=\"logo_PSP\" src=\"https:\/\/jf-moinhosdagandara.pt\/wp-content\/uploads\/2013\/03\/logo_PSP.jpg\" width=\"33\" height=\"55\" \/><\/a><\/p>\n<p><a href=\"http:\/\/www.psp.pt\/\" target=\"_blank\">PSP &#8211; Policia de Seguran\u00e7a P\u00fablica<\/a><\/p>\n<p><a href=\"https:\/\/jf-moinhosdagandara.pt\/wp-content\/uploads\/2013\/03\/logo_GNR.jpg\"><img loading=\"lazy\" decoding=\"async\" class=\"alignnone size-full wp-image-117\" alt=\"logo_GNR\" src=\"https:\/\/jf-moinhosdagandara.pt\/wp-content\/uploads\/2013\/03\/logo_GNR.jpg\" width=\"32\" height=\"55\" \/><\/a><\/p>\n<p><a href=\"http:\/\/www.gnr.pt\/\" target=\"_blank\">GNR &#8211; Guarda Nacional Republicana<\/a><\/p>\n<p><a href=\"https:\/\/jf-moinhosdagandara.pt\/wp-content\/uploads\/2013\/03\/logo_IPJ.jpg\"><img loading=\"lazy\" decoding=\"async\" class=\"alignnone size-full wp-image-120\" alt=\"logo_IPJ\" src=\"https:\/\/jf-moinhosdagandara.pt\/wp-content\/uploads\/2013\/03\/logo_IPJ.jpg\" width=\"88\" height=\"55\" \/><\/a><\/p>\n<p><a href=\"http:\/\/juventude.gov.pt\/portal\/ipj\" target=\"_blank\">IPJ &#8211; Instituto Portugu\u00eas da Juventude<\/a><\/p>\n<p><a href=\"https:\/\/jf-moinhosdagandara.pt\/wp-content\/uploads\/2013\/03\/logo_gov_civil.jpg\"><img loading=\"lazy\" decoding=\"async\" class=\"alignnone size-full wp-image-118\" alt=\"logo_gov_civil\" src=\"https:\/\/jf-moinhosdagandara.pt\/wp-content\/uploads\/2013\/03\/logo_gov_civil.jpg\" width=\"80\" height=\"55\" \/><\/a><\/p>\n<p><a href=\"http:\/\/www.gov-civil-coimbra.pt\/\" target=\"_blank\">Governo Civil de Coimbra<\/a><\/p>\n","protected":false},"excerpt":{"rendered":"<p>C\u00e2mara Municipal da Figueira da Foz Figueira Grande Turismo CAE &#8211; Centro de Artes e Espect\u00e1culos Bombeiros Volunt\u00e1rios da Figueira da Foz Hospital Distrital da Figueira da Foz PSP &#8211; Policia de Seguran\u00e7a P\u00fablica GNR &#8211; Guarda Nacional Republicana IPJ &#8211; Instituto Portugu\u00eas da Juventude Governo Civil de Coimbra<\/p>\n","protected":false},"author":1,"featured_media":0,"parent":0,"menu_order":0,"comment_status":"open","ping_status":"open","template":"","meta":{"om_disable_all_campaigns":false,"_monsterinsights_skip_tracking":false,"_monsterinsights_sitenote_active":false,"_monsterinsights_sitenote_note":"","_monsterinsights_sitenote_category":0,"powered_cache_disable_cache":false,"powered_cache_disable_lazyload":false,"footnotes":""},"class_list":["post-21","page","type-page","status-publish","hentry"],"aioseo_notices":[],"blog_post_layout_featured_media_urls":{"thumbnail":"","full":""},"categories_names":null,"comments_number":"0","jetpack_sharing_enabled":true,"_links":{"self":[{"href":"https:\/\/jf-moinhosdagandara.pt\/index.php?rest_route=\/wp\/v2\/pages\/21","targetHints":{"allow":["GET"]}}],"collection":[{"href":"https:\/\/jf-moinhosdagandara.pt\/index.php?rest_route=\/wp\/v2\/pages"}],"about":[{"href":"https:\/\/jf-moinhosdagandara.pt\/index.php?rest_route=\/wp\/v2\/types\/page"}],"author":[{"embeddable":true,"href":"https:\/\/jf-moinhosdagandara.pt\/index.php?rest_route=\/wp\/v2\/users\/1"}],"replies":[{"embeddable":true,"href":"https:\/\/jf-moinhosdagandara.pt\/index.php?rest_route=%2Fwp%2Fv2%2Fcomments&post=21"}],"version-history":[{"count":0,"href":"https:\/\/jf-moinhosdagandara.pt\/index.php?rest_route=\/wp\/v2\/pages\/21\/revisions"}],"wp:attachment":[{"href":"https:\/\/jf-moinhosdagandara.pt\/index.php?rest_route=%2Fwp%2Fv2%2Fmedia&parent=21"}],"curies":[{"name":"wp","href":"https:\/\/api.w.org\/{rel}","templated":true}]}}