{"id":2170,"date":"2020-04-21T09:23:36","date_gmt":"2020-04-21T09:23:36","guid":{"rendered":"http:\/\/jf-moinhosdagandara.pt\/?page_id=2170"},"modified":"2025-05-30T16:10:14","modified_gmt":"2025-05-30T16:10:14","slug":"regulamentos","status":"publish","type":"page","link":"https:\/\/jf-moinhosdagandara.pt\/?page_id=2170","title":{"rendered":"Impressos para apoios \u00e0s associa\u00e7\u00f5es sem fins lucrativos"},"content":{"rendered":"\n<h2 class=\"wp-block-heading alignfull has-text-align-center\">Os recursos seguintes devem ser descarregados e preenchidos<\/h2>\n\n\n\n<div class=\"wp-block-button aligncenter\"><a class=\"wp-block-button__link wp-element-button\" href=\"https:\/\/jf-moinhosdagandara.pt\/wp-content\/uploads\/2020\/04\/Regulamento-Atribui\u00e7\u00e3o-Subs\u00eddios.pdf\" target=\"_blank\" rel=\"noreferrer noopener\">Regulamento (ficheiro PDF)<\/a><\/div>\n\n\n\n<hr class=\"wp-block-separator has-css-opacity\"\/>\n\n\n\n<div class=\"wp-block-button aligncenter\"><a class=\"wp-block-button__link wp-element-button\" href=\"https:\/\/jf-moinhosdagandara.pt\/wp-content\/uploads\/2020\/04\/Apoios-Pontuais.xls\" target=\"_blank\" rel=\"noreferrer noopener\">Apoios pontuais (ficheiro Excel)<\/a><\/div>\n\n\n\n<hr class=\"wp-block-separator has-css-opacity\"\/>\n\n\n\n<div class=\"wp-block-button aligncenter\"><a class=\"wp-block-button__link wp-element-button\" href=\"https:\/\/jf-moinhosdagandara.pt\/wp-content\/uploads\/2022\/10\/impresso-JFMG-atividade-regular.xls\" target=\"_blank\" rel=\"noreferrer noopener\">Actividade regular (ficheiro Excel)<\/a><\/div>\n\n\n\n<hr class=\"wp-block-separator has-css-opacity\"\/>\n\n\n\n<div class=\"wp-block-button aligncenter\"><a class=\"wp-block-button__link wp-element-button\" href=\"https:\/\/jf-moinhosdagandara.pt\/wp-content\/uploads\/2022\/10\/Ficha-de-Caraterizacao.xlsx\" target=\"_blank\" rel=\"noreferrer noopener\">Ficha de caracteriza\u00e7\u00e3o (ficheiro Excel)<\/a><\/div>\n\n\n\n<hr class=\"wp-block-separator has-css-opacity\"\/>\n","protected":false},"excerpt":{"rendered":"<p>Os recursos seguintes devem ser descarregados e preenchidos<\/p>\n","protected":false},"author":1,"featured_media":0,"parent":0,"menu_order":0,"comment_status":"closed","ping_status":"closed","template":"","meta":{"om_disable_all_campaigns":false,"_monsterinsights_skip_tracking":false,"_monsterinsights_sitenote_active":false,"_monsterinsights_sitenote_note":"","_monsterinsights_sitenote_category":0,"powered_cache_disable_cache":false,"powered_cache_disable_lazyload":false,"footnotes":""},"class_list":["post-2170","page","type-page","status-publish","hentry"],"aioseo_notices":[],"blog_post_layout_featured_media_urls":{"thumbnail":"","full":""},"categories_names":null,"comments_number":"0","jetpack_sharing_enabled":true,"_links":{"self":[{"href":"https:\/\/jf-moinhosdagandara.pt\/index.php?rest_route=\/wp\/v2\/pages\/2170","targetHints":{"allow":["GET"]}}],"collection":[{"href":"https:\/\/jf-moinhosdagandara.pt\/index.php?rest_route=\/wp\/v2\/pages"}],"about":[{"href":"https:\/\/jf-moinhosdagandara.pt\/index.php?rest_route=\/wp\/v2\/types\/page"}],"author":[{"embeddable":true,"href":"https:\/\/jf-moinhosdagandara.pt\/index.php?rest_route=\/wp\/v2\/users\/1"}],"replies":[{"embeddable":true,"href":"https:\/\/jf-moinhosdagandara.pt\/index.php?rest_route=%2Fwp%2Fv2%2Fcomments&post=2170"}],"version-history":[{"count":9,"href":"https:\/\/jf-moinhosdagandara.pt\/index.php?rest_route=\/wp\/v2\/pages\/2170\/revisions"}],"predecessor-version":[{"id":5884,"href":"https:\/\/jf-moinhosdagandara.pt\/index.php?rest_route=\/wp\/v2\/pages\/2170\/revisions\/5884"}],"wp:attachment":[{"href":"https:\/\/jf-moinhosdagandara.pt\/index.php?rest_route=%2Fwp%2Fv2%2Fmedia&parent=2170"}],"curies":[{"name":"wp","href":"https:\/\/api.w.org\/{rel}","templated":true}]}}