{"id":2834,"date":"2021-02-15T12:40:19","date_gmt":"2021-02-15T12:40:19","guid":{"rendered":"http:\/\/jf-moinhosdagandara.pt\/?page_id=2834"},"modified":"2025-01-03T21:17:32","modified_gmt":"2025-01-03T21:17:32","slug":"orcamentos","status":"publish","type":"page","link":"https:\/\/jf-moinhosdagandara.pt\/?page_id=2834","title":{"rendered":"Or\u00e7amentos"},"content":{"rendered":"\n<div data-wp-interactive=\"core\/file\" class=\"wp-block-file\"><object data-wp-bind--hidden=\"!state.hasPdfPreview\" hidden class=\"wp-block-file__embed\" data=\"https:\/\/jf-moinhosdagandara.pt\/wp-content\/uploads\/2025\/01\/Orcamento-e-PPI-2025.pdf\" type=\"application\/pdf\" style=\"width:100%;height:600px\" aria-label=\"Incorpora\u00e7\u00e3o de Or\u00e7amento e PPI 2025.\"><\/object><a id=\"wp-block-file--media-8e08efb1-db40-4280-b81c-b0478bfd16f7\" href=\"https:\/\/jf-moinhosdagandara.pt\/wp-content\/uploads\/2025\/01\/Orcamento-e-PPI-2025.pdf\" target=\"_blank\" rel=\"noreferrer noopener\">Or\u00e7amento e PPI 2025<\/a><a href=\"https:\/\/jf-moinhosdagandara.pt\/wp-content\/uploads\/2025\/01\/Orcamento-e-PPI-2025.pdf\" class=\"wp-block-file__button wp-element-button\" download aria-describedby=\"wp-block-file--media-8e08efb1-db40-4280-b81c-b0478bfd16f7\">Descarregar<\/a><\/div>\n\n\n\n<div data-wp-interactive=\"core\/file\" class=\"wp-block-file\"><object data-wp-bind--hidden=\"!state.hasPdfPreview\" hidden class=\"wp-block-file__embed\" data=\"https:\/\/jf-moinhosdagandara.pt\/wp-content\/uploads\/2025\/01\/Plano-Atividades-2025.pdf\" type=\"application\/pdf\" style=\"width:100%;height:600px\" aria-label=\"Incorpora\u00e7\u00e3o de Plano Atividades 2025.\"><\/object><a id=\"wp-block-file--media-251325a3-9f1f-4f09-9bb1-5a2e3bad2f73\" href=\"https:\/\/jf-moinhosdagandara.pt\/wp-content\/uploads\/2025\/01\/Plano-Atividades-2025.pdf\" target=\"_blank\" rel=\"noreferrer noopener\">Plano Atividades 2025<\/a><a href=\"https:\/\/jf-moinhosdagandara.pt\/wp-content\/uploads\/2025\/01\/Plano-Atividades-2025.pdf\" class=\"wp-block-file__button wp-element-button\" download aria-describedby=\"wp-block-file--media-251325a3-9f1f-4f09-9bb1-5a2e3bad2f73\">Descarregar<\/a><\/div>\n\n\n\n<div class=\"wp-block-file\"><a id=\"wp-block-file--media-4f0f8023-eb15-43a2-99d1-4580692b0ad3\" href=\"https:\/\/jf-moinhosdagandara.pt\/wp-content\/uploads\/2024\/05\/1.a-Alteracao-Orcamento-2024.pdf\" target=\"_blank\" rel=\"noreferrer noopener\">1.\u00aa Altera\u00e7\u00e3o Or\u00e7amento 2024<\/a><a href=\"https:\/\/jf-moinhosdagandara.pt\/wp-content\/uploads\/2024\/05\/1.a-Alteracao-Orcamento-2024.pdf\" class=\"wp-block-file__button wp-element-button\" download aria-describedby=\"wp-block-file--media-4f0f8023-eb15-43a2-99d1-4580692b0ad3\">Descarregar<\/a><\/div>\n\n\n\n<div class=\"wp-block-file\"><a id=\"wp-block-file--media-4f0f8023-eb15-43a2-99d1-4580692b0ad3\" href=\"https:\/\/jf-moinhosdagandara.pt\/wp-content\/uploads\/2024\/01\/Orcamento-e-PPI-2024.pdf\" target=\"_blank\" rel=\"noreferrer noopener\">Or\u00e7amento-e-PPI-de 2024<\/a><a href=\"https:\/\/jf-moinhosdagandara.pt\/wp-content\/uploads\/2024\/01\/Orcamento-e-PPI-2024.pdf\" class=\"wp-block-file__button wp-element-button\" download aria-describedby=\"wp-block-file--media-4f0f8023-eb15-43a2-99d1-4580692b0ad3\">Descarregar<\/a><\/div>\n\n\n\n<div class=\"wp-block-file\"><a id=\"wp-block-file--media-4f0f8023-eb15-43a2-99d1-4580692b0ad3\" href=\"https:\/\/jf-moinhosdagandara.pt\/wp-content\/uploads\/2024\/01\/Plano-Atividades-2024.pdf\" target=\"_blank\" rel=\"noreferrer noopener\">Plano de atividades de 2024<\/a><a href=\"https:\/\/jf-moinhosdagandara.pt\/wp-content\/uploads\/2024\/01\/Plano-Atividades-2024.pdf\" class=\"wp-block-file__button wp-element-button\" download aria-describedby=\"wp-block-file--media-4f0f8023-eb15-43a2-99d1-4580692b0ad3\">Descarregar<\/a><\/div>\n\n\n\n<div class=\"wp-block-file\"><a id=\"wp-block-file--media-4f0f8023-eb15-43a2-99d1-4580692b0ad3\" href=\"https:\/\/jf-moinhosdagandara.pt\/wp-content\/uploads\/2022\/12\/Orcamento-e-PPI-2023.pdf\" target=\"_blank\" rel=\"noreferrer noopener\">Or\u00e7amento e PPI de 2023<\/a><a href=\"https:\/\/jf-moinhosdagandara.pt\/wp-content\/uploads\/2022\/12\/Orcamento-e-PPI-2023.pdf\" class=\"wp-block-file__button wp-element-button\" download aria-describedby=\"wp-block-file--media-4f0f8023-eb15-43a2-99d1-4580692b0ad3\">Descarregar<\/a><\/div>\n\n\n\n<div class=\"wp-block-file\"><a id=\"wp-block-file--media-5ea4810f-0b94-4c5a-bd34-74025cfd4a69\" href=\"https:\/\/jf-moinhosdagandara.pt\/wp-content\/uploads\/2022\/12\/Orcamento-e-PPI-2022.pdf\" target=\"_blank\" rel=\"noreferrer noopener\">Or\u00e7amento e PPI de 2022<\/a><a href=\"https:\/\/jf-moinhosdagandara.pt\/wp-content\/uploads\/2022\/12\/Orcamento-e-PPI-2022.pdf\" class=\"wp-block-file__button wp-element-button\" download aria-describedby=\"wp-block-file--media-5ea4810f-0b94-4c5a-bd34-74025cfd4a69\">Descarregar<\/a><\/div>\n\n\n\n<div class=\"wp-block-file\"><a id=\"wp-block-file--media-67dbbcfa-d959-4cc3-a151-d57e7b2b2113\" href=\"https:\/\/jf-moinhosdagandara.pt\/wp-content\/uploads\/2021\/02\/Orcamento-2021.pdf\" target=\"_blank\" rel=\"noreferrer noopener\">Or\u00e7amento e PPI de 2021<\/a><a href=\"https:\/\/jf-moinhosdagandara.pt\/wp-content\/uploads\/2021\/02\/Orcamento-2021.pdf\" class=\"wp-block-file__button wp-element-button\" download aria-describedby=\"wp-block-file--media-67dbbcfa-d959-4cc3-a151-d57e7b2b2113\">Descarregar<\/a><\/div>\n\n\n\n<div class=\"wp-block-file\"><a id=\"wp-block-file--media-aca6f6e1-c0a2-42d5-8fcd-a491f5c35c9a\" href=\"https:\/\/jf-moinhosdagandara.pt\/wp-content\/uploads\/2021\/02\/Orcamento-2020.pdf\">Or\u00e7amento e PPI de 2020<\/a><a href=\"https:\/\/jf-moinhosdagandara.pt\/wp-content\/uploads\/2021\/02\/Orcamento-2020.pdf\" class=\"wp-block-file__button wp-element-button\" download aria-describedby=\"wp-block-file--media-aca6f6e1-c0a2-42d5-8fcd-a491f5c35c9a\">Descarregar<\/a><\/div>\n\n\n\n<div class=\"wp-block-file\"><a id=\"wp-block-file--media-c00a78ff-8c7b-4133-8a18-66e8eb0e3c5b\" href=\"https:\/\/jf-moinhosdagandara.pt\/wp-content\/uploads\/2021\/02\/Orcamento-2019.pdf\">Or\u00e7amento e PPI de 2019<\/a><a href=\"https:\/\/jf-moinhosdagandara.pt\/wp-content\/uploads\/2021\/02\/Orcamento-2019.pdf\" class=\"wp-block-file__button wp-element-button\" download aria-describedby=\"wp-block-file--media-c00a78ff-8c7b-4133-8a18-66e8eb0e3c5b\">Descarregar<\/a><\/div>\n\n\n\n<div class=\"wp-block-file\"><a id=\"wp-block-file--media-123a1b42-1faf-4b31-8608-952840ac7886\" href=\"https:\/\/jf-moinhosdagandara.pt\/wp-content\/uploads\/2021\/02\/Orcamento-2018.pdf\" target=\"_blank\" rel=\"noreferrer noopener\">Or\u00e7amento e PPI de 2018<\/a><a href=\"https:\/\/jf-moinhosdagandara.pt\/wp-content\/uploads\/2021\/02\/Orcamento-2018.pdf\" class=\"wp-block-file__button wp-element-button\" download aria-describedby=\"wp-block-file--media-123a1b42-1faf-4b31-8608-952840ac7886\">Descarregar<\/a><\/div>\n\n\n\n<div class=\"wp-block-themeisle-blocks-advanced-columns has-1-columns has-desktop-equal-layout has-tablet-equal-layout has-mobile-equal-layout has-default-gap has-vertical-unset\" id=\"wp-block-themeisle-blocks-advanced-columns-e27e51ca\" style=\"border-width:0px;border-style:solid;border-color:#000000;border-radius:0px;justify-content:unset\"><div class=\"wp-themeisle-block-overlay\" style=\"opacity:0.5;mix-blend-mode:normal\"><\/div><div class=\"innerblocks-wrap\">\n\n<div class=\"wp-block-themeisle-blocks-advanced-column\" id=\"wp-block-themeisle-blocks-advanced-column-53f3513d\" style=\"border-width:0px;border-style:solid;border-color:#000000;border-radius:0px\">\n\n<p><\/p>\n\n<\/div>\n\n<\/div><\/div>\n","protected":false},"excerpt":{"rendered":"","protected":false},"author":1,"featured_media":0,"parent":0,"menu_order":0,"comment_status":"closed","ping_status":"closed","template":"","meta":{"om_disable_all_campaigns":false,"_monsterinsights_skip_tracking":false,"_monsterinsights_sitenote_active":false,"_monsterinsights_sitenote_note":"","_monsterinsights_sitenote_category":0,"powered_cache_disable_cache":false,"powered_cache_disable_lazyload":false,"footnotes":""},"class_list":["post-2834","page","type-page","status-publish","hentry"],"aioseo_notices":[],"blog_post_layout_featured_media_urls":{"thumbnail":"","full":""},"categories_names":null,"comments_number":"0","jetpack_sharing_enabled":true,"_links":{"self":[{"href":"https:\/\/jf-moinhosdagandara.pt\/index.php?rest_route=\/wp\/v2\/pages\/2834","targetHints":{"allow":["GET"]}}],"collection":[{"href":"https:\/\/jf-moinhosdagandara.pt\/index.php?rest_route=\/wp\/v2\/pages"}],"about":[{"href":"https:\/\/jf-moinhosdagandara.pt\/index.php?rest_route=\/wp\/v2\/types\/page"}],"author":[{"embeddable":true,"href":"https:\/\/jf-moinhosdagandara.pt\/index.php?rest_route=\/wp\/v2\/users\/1"}],"replies":[{"embeddable":true,"href":"https:\/\/jf-moinhosdagandara.pt\/index.php?rest_route=%2Fwp%2Fv2%2Fcomments&post=2834"}],"version-history":[{"count":18,"href":"https:\/\/jf-moinhosdagandara.pt\/index.php?rest_route=\/wp\/v2\/pages\/2834\/revisions"}],"predecessor-version":[{"id":5702,"href":"https:\/\/jf-moinhosdagandara.pt\/index.php?rest_route=\/wp\/v2\/pages\/2834\/revisions\/5702"}],"wp:attachment":[{"href":"https:\/\/jf-moinhosdagandara.pt\/index.php?rest_route=%2Fwp%2Fv2%2Fmedia&parent=2834"}],"curies":[{"name":"wp","href":"https:\/\/api.w.org\/{rel}","templated":true}]}}