{"id":416,"date":"2013-05-14T15:13:28","date_gmt":"2013-05-14T15:13:28","guid":{"rendered":"http:\/\/jf-moinhosdagandara.pt\/?page_id=416"},"modified":"2019-03-01T11:00:29","modified_gmt":"2019-03-01T11:00:29","slug":"requisicao-de-atestados","status":"publish","type":"page","link":"https:\/\/jf-moinhosdagandara.pt\/?page_id=416","title":{"rendered":"Requisi\u00e7\u00e3o de atestados"},"content":{"rendered":"<p>Pode enviar toda a informa\u00e7\u00e3o adicional por aqui. ( deve utilizar a barra de rolamento vertical para preencher todo o formul\u00e1rio )<\/p>\n<p><code><ul id=\"wp_multi_file_uploader\" class=\"unstyled\" data-filecount=\"1\" data-mimetypes=\"jpg,jpeg,jpe,gif,png,bmp,tiff,tif,webp,avif,ico,heic,heif,heics,heifs,asf,asx,wmv,wmx,wm,avi,divx,flv,mov,qt,mpeg,mpg,mpe,mp4,m4v,ogv,webm,mkv,3gp,3gpp,3g2,3gp2,txt,asc,c,cc,h,srt,csv,tsv,ics,rtx,css,vtt,dfxp,mp3,m4a,m4b,aac,ra,ram,wav,x-wav,ogg,oga,flac,mid,midi,wma,wax,mka,rtf,pdf,class,tar,zip,gz,gzip,rar,7z,psd,xcf,doc,pot,pps,ppt,wri,xla,xls,xlt,xlw,mdb,mpp,docx,docm,dotx,dotm,xlsx,xlsm,xlsb,xltx,xltm,xlam,pptx,pptm,ppsx,ppsm,potx,potm,ppam,sldx,sldm,onetoc,onetoc2,onetmp,onepkg,oxps,xps,odt,odp,ods,odg,odc,odb,odf,wp,wpd,key,numbers,pages\" data-maxsize=\"200\" data-postid=\"416\" data-ajaxurl=\"https:\/\/jf-moinhosdagandara.pt\/wp-admin\/admin-ajax.php\"><\/ul><\/code><\/p>\n<p><iframe src=\"https:\/\/docs.google.com\/forms\/d\/1XP9bnane512vo1HiLjC92BGfMZs17CXNT4f1-ERkcZ4\/viewform?embedded=true\" width=\"1000\" height=\"600\" frameborder=\"1\" marginwidth=\"0\" marginheight=\"0\"><\/iframe><\/p>\n","protected":false},"excerpt":{"rendered":"<p>Pode enviar toda a informa\u00e7\u00e3o adicional por aqui. ( deve utilizar a barra de rolamento vertical para preencher todo o formul\u00e1rio )<\/p>\n","protected":false},"author":1,"featured_media":0,"parent":0,"menu_order":0,"comment_status":"closed","ping_status":"closed","template":"template-full-width.php","meta":{"om_disable_all_campaigns":false,"_monsterinsights_skip_tracking":false,"_monsterinsights_sitenote_active":false,"_monsterinsights_sitenote_note":"","_monsterinsights_sitenote_category":0,"powered_cache_disable_cache":false,"powered_cache_disable_lazyload":false,"footnotes":""},"class_list":["post-416","page","type-page","status-publish","hentry"],"aioseo_notices":[],"blog_post_layout_featured_media_urls":{"thumbnail":"","full":""},"categories_names":null,"comments_number":"0","jetpack_sharing_enabled":true,"_links":{"self":[{"href":"https:\/\/jf-moinhosdagandara.pt\/index.php?rest_route=\/wp\/v2\/pages\/416","targetHints":{"allow":["GET"]}}],"collection":[{"href":"https:\/\/jf-moinhosdagandara.pt\/index.php?rest_route=\/wp\/v2\/pages"}],"about":[{"href":"https:\/\/jf-moinhosdagandara.pt\/index.php?rest_route=\/wp\/v2\/types\/page"}],"author":[{"embeddable":true,"href":"https:\/\/jf-moinhosdagandara.pt\/index.php?rest_route=\/wp\/v2\/users\/1"}],"replies":[{"embeddable":true,"href":"https:\/\/jf-moinhosdagandara.pt\/index.php?rest_route=%2Fwp%2Fv2%2Fcomments&post=416"}],"version-history":[{"count":22,"href":"https:\/\/jf-moinhosdagandara.pt\/index.php?rest_route=\/wp\/v2\/pages\/416\/revisions"}],"predecessor-version":[{"id":1554,"href":"https:\/\/jf-moinhosdagandara.pt\/index.php?rest_route=\/wp\/v2\/pages\/416\/revisions\/1554"}],"wp:attachment":[{"href":"https:\/\/jf-moinhosdagandara.pt\/index.php?rest_route=%2Fwp%2Fv2%2Fmedia&parent=416"}],"curies":[{"name":"wp","href":"https:\/\/api.w.org\/{rel}","templated":true}]}}