{"id":51,"date":"2013-03-20T17:05:48","date_gmt":"2013-03-20T17:05:48","guid":{"rendered":"http:\/\/pedrosilva.us\/junta\/?page_id=51"},"modified":"2021-11-11T10:32:03","modified_gmt":"2021-11-11T10:32:03","slug":"mandatos-2","status":"publish","type":"page","link":"https:\/\/jf-moinhosdagandara.pt\/?page_id=51","title":{"rendered":"Mandatos"},"content":{"rendered":"<p><strong>Mandato \u00a0 2021\/2025\u00a0 \u00a0&#8211; (tomada de posse em 2021)<\/strong><\/p>\n<div align=\"center\">\n<table border=\"0\" width=\"700\" cellspacing=\"5\" cellpadding=\"0\">\n<tbody>\n<tr>\n<td rowspan=\"2\" width=\"230\">\n<p style=\"text-align: center;\">\u00a0\u00a0\u00a0<strong>PRESIDENTE<\/strong><\/p>\n<p align=\"center\">Gilberto Fajardo Oliveira<\/p>\n<\/td>\n<td width=\"5\"><\/td>\n<td rowspan=\"2\" width=\"230\">\n<p style=\"text-align: center;\" align=\"center\"><strong>SECRET\u00c1RIO<\/strong><\/p>\n<p style=\"text-align: center;\">Jos\u00e9 Augusto Sim\u00f5es Oliveira<\/p>\n<\/td>\n<td width=\"5\"><\/td>\n<td rowspan=\"2\" width=\"230\">\n<p style=\"text-align: center;\" align=\"center\"><strong>TESOUREIRO<\/strong><\/p>\n<p style=\"text-align: center;\" align=\"center\">C\u00e9lia Catarina Querido Oliveira<\/p>\n<\/td>\n<\/tr>\n<\/tbody>\n<\/table>\n<\/div>\n<table class=\"sample\" border=\"0\" width=\"100%\" cellspacing=\"0\" cellpadding=\"0\">\n<tbody>\n<tr>\n<td colspan=\"2\" width=\"760\"><strong>Mandato \u00a0 2017\/2021\u00a0 \u00a0&#8211; (tomada de posse em 2017)<\/strong><\/td>\n<td width=\"30\"><\/td>\n<\/tr>\n<tr>\n<td width=\"30\"><\/td>\n<td colspan=\"2\" width=\"760\">\n<div align=\"center\">\n<table border=\"0\" width=\"700\" cellspacing=\"5\" cellpadding=\"0\">\n<tbody>\n<tr>\n<td rowspan=\"2\" width=\"230\">\n<p style=\"text-align: center;\">\u00a0\u00a0\u00a0<strong>PRESIDENTE<\/strong><\/p>\n<p align=\"center\">C\u00e9lia Catarina Querido Oliveira<\/p>\n<\/td>\n<td width=\"5\"><\/td>\n<td rowspan=\"2\" width=\"230\">\n<p style=\"text-align: center;\" align=\"center\"><strong>SECRET\u00c1RIO<\/strong><\/p>\n<p style=\"text-align: center;\">Jos\u00e9 Augusto Sim\u00f5es Oliveira<\/p>\n<\/td>\n<td width=\"5\"><\/td>\n<td rowspan=\"2\" width=\"230\">\n<p style=\"text-align: center;\" align=\"center\"><strong>TESOUREIRO<\/strong><\/p>\n<p style=\"text-align: center;\" align=\"center\">Gilberto Fajardo Oliveira<\/p>\n<\/td>\n<\/tr>\n<\/tbody>\n<\/table>\n<\/div>\n<\/td>\n<\/tr>\n<\/tbody>\n<\/table>\n<table class=\"sample\" border=\"0\" width=\"100%\" cellspacing=\"0\" cellpadding=\"0\">\n<tbody>\n<tr>\n<td colspan=\"2\" width=\"760\"><strong>Mandato \u00a0 2013\/2017\u00a0 \u00a0&#8211; (tomada de posse em 2013)<\/strong><\/td>\n<td width=\"30\"><\/td>\n<\/tr>\n<tr>\n<td width=\"30\"><\/td>\n<td colspan=\"2\" width=\"760\">\n<div align=\"center\">\n<table border=\"0\" width=\"700\" cellspacing=\"5\" cellpadding=\"0\">\n<tbody>\n<tr>\n<td rowspan=\"2\" width=\"230\">\n<p style=\"text-align: center;\">\u00a0\u00a0\u00a0<strong>PRESIDENTE<\/strong><\/p>\n<p align=\"center\">Paulo Manuel Querido Rodrigues<\/p>\n<\/td>\n<td width=\"5\"><\/td>\n<td rowspan=\"2\" width=\"230\">\n<p style=\"text-align: center;\" align=\"center\"><strong>SECRET\u00c1RIO<\/strong><\/p>\n<p style=\"text-align: center;\">Jos\u00e9 Augusto Sim\u00f5es Oliveira<\/p>\n<\/td>\n<td width=\"5\"><\/td>\n<td rowspan=\"2\" width=\"230\">\n<p style=\"text-align: center;\" align=\"center\"><strong>TESOUREIRO<\/strong><\/p>\n<p style=\"text-align: center;\" align=\"center\">Jos\u00e9 Manuel Gon\u00e7alves Azenha<\/p>\n<\/td>\n<\/tr>\n<\/tbody>\n<\/table>\n<\/div>\n<\/td>\n<\/tr>\n<\/tbody>\n<\/table>\n<table class=\"sample\" border=\"0\" width=\"100%\" cellspacing=\"0\" cellpadding=\"0\">\n<tbody>\n<tr>\n<td colspan=\"2\" width=\"760\">\n<table class=\"sample\" border=\"0\" width=\"100%\" cellspacing=\"0\" cellpadding=\"0\">\n<tbody>\n<tr>\n<td colspan=\"2\" width=\"760\"><strong>COMPOSI\u00c7\u00c3O DOS DIFERENTES \u00a0 EXECUTIVOS DA JUNTA DE FREGUESIA<\/strong><\/td>\n<td width=\"30\"><\/td>\n<td width=\"30\"><\/td>\n<\/tr>\n<tr>\n<td width=\"30\"><\/td>\n<td colspan=\"2\" width=\"760\"><strong>Mandato \u00a0 2009\/2013 \u00a0 &#8211; (tomada de posse em 23-10-2009)<\/strong><\/td>\n<td width=\"30\"><\/td>\n<\/tr>\n<tr>\n<td width=\"30\"><\/td>\n<td colspan=\"2\" width=\"760\">\n<div align=\"center\">\n<table border=\"0\" width=\"700\" cellspacing=\"5\" cellpadding=\"0\">\n<tbody>\n<tr>\n<td rowspan=\"2\" width=\"230\">\n<p style=\"text-align: center;\">\u00a0\u00a0\u00a0<strong>PRESIDENTE<\/strong><\/p>\n<p style=\"text-align: center;\" align=\"center\">Paulo Manuel Querido Rodrigues<\/p>\n<\/td>\n<td width=\"5\"><\/td>\n<td rowspan=\"2\" width=\"230\">\n<p style=\"text-align: center;\" align=\"center\"><strong>SECRET\u00c1RIO<\/strong><\/p>\n<p style=\"text-align: center;\">Jos\u00e9 Augusto Sim\u00f5es Oliveira<\/p>\n<\/td>\n<td width=\"5\"><\/td>\n<td rowspan=\"2\" width=\"230\">\n<p style=\"text-align: center;\" align=\"center\"><strong>TESOUREIRO<\/strong><\/p>\n<p style=\"text-align: center;\" align=\"center\">Jos\u00e9 Manuel Gon\u00e7alves Azenha<\/p>\n<\/td>\n<\/tr>\n<tr>\n<td><\/td>\n<td><\/td>\n<\/tr>\n<\/tbody>\n<\/table>\n<\/div>\n<\/td>\n<td width=\"30\"><\/td>\n<\/tr>\n<\/tbody>\n<\/table>\n<\/td>\n<td width=\"30\"><\/td>\n<td width=\"30\"><\/td>\n<\/tr>\n<tr>\n<td width=\"30\"><\/td>\n<td colspan=\"2\" width=\"760\"><strong>Mandato \u00a0 2005\/2009 \u00a0 &#8211; (tomada de posse em 29-10-2005)<\/strong><\/td>\n<td width=\"30\"><\/td>\n<\/tr>\n<tr>\n<td width=\"30\"><\/td>\n<td colspan=\"2\" width=\"760\">\n<div align=\"center\">\n<table border=\"0\" width=\"700\" cellspacing=\"5\" cellpadding=\"0\">\n<tbody>\n<tr>\n<td rowspan=\"2\" width=\"230\">\n<p style=\"text-align: center;\" align=\"center\"><strong>PRESIDENTE<\/strong><\/p>\n<p style=\"text-align: center;\" align=\"center\">Paulo Manuel Querido Rodrigues<\/p>\n<\/td>\n<td width=\"5\"><\/td>\n<td rowspan=\"2\" width=\"230\">\n<p style=\"text-align: center;\" align=\"center\"><strong>SECRET\u00c1RIO<\/strong><\/p>\n<p style=\"text-align: center;\" align=\"center\">Jos\u00e9 Augusto Sim\u00f5es Oliveira<\/p>\n<\/td>\n<td width=\"5\"><\/td>\n<td rowspan=\"2\" width=\"230\">\n<p align=\"center\"><strong>TESOUREIRO<\/strong><\/p>\n<p align=\"center\">Jos\u00e9 Manuel Gon\u00e7alves Azenha<\/p>\n<\/td>\n<\/tr>\n<tr>\n<td><\/td>\n<td><\/td>\n<\/tr>\n<\/tbody>\n<\/table>\n<\/div>\n<\/td>\n<td width=\"30\"><\/td>\n<\/tr>\n<tr>\n<td width=\"30\"><\/td>\n<td colspan=\"2\" width=\"760\"><strong>Mandato \u00a0 2002\/2005 \u00a0 &#8211; (tomada de posse em 09-01-2002)<\/strong><\/td>\n<td width=\"30\"><\/td>\n<\/tr>\n<tr>\n<td width=\"30\"><\/td>\n<td colspan=\"2\" width=\"760\">\n<div align=\"center\">\n<table border=\"0\" width=\"700\" cellspacing=\"5\" cellpadding=\"0\">\n<tbody>\n<tr>\n<td rowspan=\"2\" width=\"230\">\n<p align=\"center\"><strong>PRESIDENTE<\/strong><\/p>\n<p align=\"center\">Albano Gon\u00e7alves L\u00e9<\/p>\n<\/td>\n<td width=\"5\"><\/td>\n<td rowspan=\"2\" width=\"230\">\n<p align=\"center\"><strong>SECRET\u00c1RIO<\/strong><\/p>\n<p align=\"center\">Jos\u00e9 Augusto Sim\u00f5es Oliveira<\/p>\n<\/td>\n<td width=\"5\"><\/td>\n<td rowspan=\"2\" width=\"230\">\n<p align=\"center\"><strong>TESOUREIRO<\/strong><\/p>\n<p align=\"center\">Manuel Oliveira Ferreira<\/p>\n<\/td>\n<\/tr>\n<tr>\n<td><\/td>\n<td><\/td>\n<\/tr>\n<\/tbody>\n<\/table>\n<\/div>\n<\/td>\n<td width=\"30\"><\/td>\n<\/tr>\n<tr>\n<td width=\"30\"><\/td>\n<td colspan=\"2\" width=\"760\"><strong>Mandato \u00a0 1998\/2002 \u00a0 &#8211; (tomada de posse em 05-01-1998)<\/strong><\/td>\n<td width=\"30\"><\/td>\n<\/tr>\n<tr>\n<td width=\"30\"><\/td>\n<td colspan=\"2\" width=\"760\">\n<div align=\"center\">\n<table border=\"0\" width=\"700\" cellspacing=\"5\" cellpadding=\"0\">\n<tbody>\n<tr>\n<td rowspan=\"2\" width=\"230\">\n<p align=\"center\"><strong>PRESIDENTE<\/strong><\/p>\n<p align=\"center\">Albano Gon\u00e7alves L\u00e9<\/p>\n<\/td>\n<td width=\"5\"><\/td>\n<td rowspan=\"2\" width=\"230\">\n<p align=\"center\"><strong>SECRET\u00c1RIO<\/strong><\/p>\n<p align=\"center\">Jos\u00e9 Augusto Sim\u00f5es Oliveira<\/p>\n<\/td>\n<td width=\"5\"><\/td>\n<td rowspan=\"2\" width=\"230\">\n<p align=\"center\"><strong>TESOUREIRO<\/strong><\/p>\n<p align=\"center\">Manuel Oliveira Ferreira<\/p>\n<\/td>\n<\/tr>\n<tr>\n<td><\/td>\n<td><\/td>\n<\/tr>\n<\/tbody>\n<\/table>\n<\/div>\n<\/td>\n<td><\/td>\n<\/tr>\n<\/tbody>\n<\/table>\n","protected":false},"excerpt":{"rendered":"<p>Mandato \u00a0 2021\/2025\u00a0 \u00a0&#8211; (tomada de posse em 2021) \u00a0\u00a0\u00a0PRESIDENTE Gilberto Fajardo Oliveira SECRET\u00c1RIO Jos\u00e9 Augusto Sim\u00f5es Oliveira TESOUREIRO C\u00e9lia Catarina Querido Oliveira Mandato \u00a0 2017\/2021\u00a0 \u00a0&#8211; (tomada de posse em 2017) \u00a0\u00a0\u00a0PRESIDENTE C\u00e9lia Catarina Querido Oliveira SECRET\u00c1RIO Jos\u00e9 Augusto Sim\u00f5es Oliveira TESOUREIRO Gilberto Fajardo Oliveira Mandato \u00a0 2013\/2017\u00a0 \u00a0&#8211; (tomada de posse em 2013) \u00a0\u00a0\u00a0PRESIDENTE Paulo Manuel Querido Rodrigues SECRET\u00c1RIO Jos\u00e9 Augusto Sim\u00f5es Oliveira TESOUREIRO Jos\u00e9 Manuel Gon\u00e7alves Azenha COMPOSI\u00c7\u00c3O DOS DIFERENTES \u00a0 EXECUTIVOS DA JUNTA DE FREGUESIA Mandato \u00a0 2009\/2013 \u00a0 &#8211; (tomada de posse em 23-10-2009) \u00a0\u00a0\u00a0PRESIDENTE Paulo Manuel Querido Rodrigues SECRET\u00c1RIO Jos\u00e9 Augusto Sim\u00f5es Oliveira TESOUREIRO Jos\u00e9 Manuel Gon\u00e7alves Azenha Mandato \u00a0 2005\/2009 \u00a0 &#8211; (tomada de posse em 29-10-2005) PRESIDENTE Paulo Manuel Querido Rodrigues SECRET\u00c1RIO Jos\u00e9 Augusto Sim\u00f5es Oliveira TESOUREIRO Jos\u00e9 Manuel Gon\u00e7alves Azenha Mandato \u00a0 2002\/2005 \u00a0 &#8211; (tomada de posse em 09-01-2002) PRESIDENTE Albano Gon\u00e7alves L\u00e9 SECRET\u00c1RIO Jos\u00e9 Augusto Sim\u00f5es Oliveira TESOUREIRO Manuel Oliveira Ferreira Mandato \u00a0 1998\/2002 \u00a0 &#8211; (tomada de posse em 05-01-1998) PRESIDENTE Albano Gon\u00e7alves L\u00e9 SECRET\u00c1RIO Jos\u00e9 Augusto Sim\u00f5es Oliveira TESOUREIRO Manuel Oliveira Ferreira<\/p>\n","protected":false},"author":1,"featured_media":0,"parent":0,"menu_order":0,"comment_status":"open","ping_status":"open","template":"","meta":{"om_disable_all_campaigns":false,"_monsterinsights_skip_tracking":false,"_monsterinsights_sitenote_active":false,"_monsterinsights_sitenote_note":"","_monsterinsights_sitenote_category":0,"powered_cache_disable_cache":false,"powered_cache_disable_lazyload":false,"footnotes":""},"class_list":["post-51","page","type-page","status-publish","hentry"],"aioseo_notices":[],"blog_post_layout_featured_media_urls":{"thumbnail":"","full":""},"categories_names":null,"comments_number":"0","jetpack_sharing_enabled":true,"_links":{"self":[{"href":"https:\/\/jf-moinhosdagandara.pt\/index.php?rest_route=\/wp\/v2\/pages\/51","targetHints":{"allow":["GET"]}}],"collection":[{"href":"https:\/\/jf-moinhosdagandara.pt\/index.php?rest_route=\/wp\/v2\/pages"}],"about":[{"href":"https:\/\/jf-moinhosdagandara.pt\/index.php?rest_route=\/wp\/v2\/types\/page"}],"author":[{"embeddable":true,"href":"https:\/\/jf-moinhosdagandara.pt\/index.php?rest_route=\/wp\/v2\/users\/1"}],"replies":[{"embeddable":true,"href":"https:\/\/jf-moinhosdagandara.pt\/index.php?rest_route=%2Fwp%2Fv2%2Fcomments&post=51"}],"version-history":[{"count":10,"href":"https:\/\/jf-moinhosdagandara.pt\/index.php?rest_route=\/wp\/v2\/pages\/51\/revisions"}],"predecessor-version":[{"id":3568,"href":"https:\/\/jf-moinhosdagandara.pt\/index.php?rest_route=\/wp\/v2\/pages\/51\/revisions\/3568"}],"wp:attachment":[{"href":"https:\/\/jf-moinhosdagandara.pt\/index.php?rest_route=%2Fwp%2Fv2%2Fmedia&parent=51"}],"curies":[{"name":"wp","href":"https:\/\/api.w.org\/{rel}","templated":true}]}}