{"id":621,"date":"2013-07-01T10:13:19","date_gmt":"2013-07-01T10:13:19","guid":{"rendered":"http:\/\/jf-moinhosdagandara.pt\/?page_id=621"},"modified":"2013-07-01T10:13:19","modified_gmt":"2013-07-01T10:13:19","slug":"festival-da-sardinha-e-da-cavala","status":"publish","type":"page","link":"https:\/\/jf-moinhosdagandara.pt\/?page_id=621","title":{"rendered":"FESTIVAL DA SARDINHA E DA CAVALA"},"content":{"rendered":"<p><!--FBGallery2 180514928776448 --><!-- ID 180514928776448 Last fetched on 07\/01\/2013 10:13:19 v2.1.8--><br \/>\n&#8220;PARAB\u00c9NS \u00c0 ASSOCIA\u00c7\u00c3O M\u00d3-G\u00c2NDARA E EM PARTICULAR \u00c0 ASSOCIA\u00c7\u00c3O FIGUEIRA COM SABOR A MAR, PELA REALIZA\u00c7\u00c3O DESTE EVENTO.&#8221;<\/p>\n<p>From <a href=\"http:\/\/www.facebook.com\/album.php?fbid=180514928776448&amp;id=163383610489580&amp;aid=1073741870\">FESTIVA DA SARDINHA E DA CAVALA<\/a>, posted by <a href=\"http:\/\/www.facebook.com\/profile.php?id=163383610489580\">Freguesia de Moinhos da G\u00e2ndara<\/a> on 6\/09\/2013 (29 items)<\/p>\n<div class='gallery'>\n<dl class='gallery-item' style=\"width:24.875%\">\n<dt class='gallery-icon'><a rel=\"http:\/\/www.facebook.com\/album.php?fbid=180514928776448&amp;id=163383610489580&amp;aid=1073741870\" class=\"fbPhoto\" href=\"https:\/\/sphotos-b.xx.fbcdn.net\/hphotos-prn2\/s720x720\/968945_180514962109778_936438057_n.jpg\" title=\" \" ><img decoding=\"async\" src=\"https:\/\/photos-b.xx.fbcdn.net\/hphotos-prn2\/968945_180514962109778_936438057_s.jpg\" alt=\"\" \/><\/a><\/dt>\n<dd class='gallery-caption'><\/dd>\n<\/dl>\n<dl class='gallery-item' style=\"width:24.875%\">\n<dt class='gallery-icon'><a rel=\"http:\/\/www.facebook.com\/album.php?fbid=180514928776448&amp;id=163383610489580&amp;aid=1073741870\" class=\"fbPhoto\" href=\"https:\/\/fbcdn-sphotos-c-a.akamaihd.net\/hphotos-ak-ash4\/s720x720\/1006182_180515032109771_301584539_n.jpg\" title=\" \" ><img decoding=\"async\" src=\"https:\/\/fbcdn-photos-c-a.akamaihd.net\/hphotos-ak-ash4\/1006182_180515032109771_301584539_s.jpg\" alt=\"\" \/><\/a><\/dt>\n<dd class='gallery-caption'><\/dd>\n<\/dl>\n<dl class='gallery-item' style=\"width:24.875%\">\n<dt class='gallery-icon'><a rel=\"http:\/\/www.facebook.com\/album.php?fbid=180514928776448&amp;id=163383610489580&amp;aid=1073741870\" class=\"fbPhoto\" href=\"https:\/\/fbcdn-sphotos-b-a.akamaihd.net\/hphotos-ak-ash4\/s720x720\/1004721_180514965443111_2122513248_n.jpg\" title=\" \" ><img decoding=\"async\" src=\"https:\/\/fbcdn-photos-b-a.akamaihd.net\/hphotos-ak-ash4\/1004721_180514965443111_2122513248_s.jpg\" alt=\"\" \/><\/a><\/dt>\n<dd class='gallery-caption'><\/dd>\n<\/dl>\n<dl class='gallery-item' style=\"width:24.875%\">\n<dt class='gallery-icon'><a rel=\"http:\/\/www.facebook.com\/album.php?fbid=180514928776448&amp;id=163383610489580&amp;aid=1073741870\" class=\"fbPhoto\" href=\"https:\/\/fbcdn-sphotos-h-a.akamaihd.net\/hphotos-ak-frc3\/s720x720\/5818_180515025443105_1775646580_n.jpg\" title=\" \" ><img decoding=\"async\" src=\"https:\/\/fbcdn-photos-h-a.akamaihd.net\/hphotos-ak-frc3\/5818_180515025443105_1775646580_s.jpg\" alt=\"\" \/><\/a><\/dt>\n<dd class='gallery-caption'><\/dd>\n<\/dl>\n<p><br style=\"clear: both\" \/><\/p>\n<dl class='gallery-item' style=\"width:24.875%\">\n<dt class='gallery-icon'><a rel=\"http:\/\/www.facebook.com\/album.php?fbid=180514928776448&amp;id=163383610489580&amp;aid=1073741870\" class=\"fbPhoto\" href=\"https:\/\/sphotos-a.xx.fbcdn.net\/hphotos-ash4\/s720x720\/419071_180515035443104_86190960_n.jpg\" title=\" \" ><img decoding=\"async\" src=\"https:\/\/photos-a.xx.fbcdn.net\/hphotos-ash4\/419071_180515035443104_86190960_s.jpg\" alt=\"\" \/><\/a><\/dt>\n<dd class='gallery-caption'><\/dd>\n<\/dl>\n<dl class='gallery-item' style=\"width:24.875%\">\n<dt class='gallery-icon'><a rel=\"http:\/\/www.facebook.com\/album.php?fbid=180514928776448&amp;id=163383610489580&amp;aid=1073741870\" class=\"fbPhoto\" href=\"https:\/\/sphotos-a.xx.fbcdn.net\/hphotos-prn1\/s720x720\/184413_180515132109761_1757970801_n.jpg\" title=\" \" ><img decoding=\"async\" src=\"https:\/\/photos-a.xx.fbcdn.net\/hphotos-prn1\/184413_180515132109761_1757970801_s.jpg\" alt=\"\" \/><\/a><\/dt>\n<dd class='gallery-caption'><\/dd>\n<\/dl>\n<dl class='gallery-item' style=\"width:24.875%\">\n<dt class='gallery-icon'><a rel=\"http:\/\/www.facebook.com\/album.php?fbid=180514928776448&amp;id=163383610489580&amp;aid=1073741870\" class=\"fbPhoto\" href=\"https:\/\/sphotos-a.xx.fbcdn.net\/hphotos-ash4\/s720x720\/999108_180515095443098_348776995_n.jpg\" title=\" \" ><img decoding=\"async\" src=\"https:\/\/photos-a.xx.fbcdn.net\/hphotos-ash4\/999108_180515095443098_348776995_s.jpg\" alt=\"\" \/><\/a><\/dt>\n<dd class='gallery-caption'><\/dd>\n<\/dl>\n<dl class='gallery-item' style=\"width:24.875%\">\n<dt class='gallery-icon'><a rel=\"http:\/\/www.facebook.com\/album.php?fbid=180514928776448&amp;id=163383610489580&amp;aid=1073741870\" class=\"fbPhoto\" href=\"https:\/\/sphotos-b.xx.fbcdn.net\/hphotos-ash4\/s720x720\/1005871_180515142109760_1584665771_n.jpg\" title=\" \" ><img decoding=\"async\" src=\"https:\/\/photos-b.xx.fbcdn.net\/hphotos-ash4\/1005871_180515142109760_1584665771_s.jpg\" alt=\"\" \/><\/a><\/dt>\n<dd class='gallery-caption'><\/dd>\n<\/dl>\n<p><br style=\"clear: both\" \/><\/p>\n<dl class='gallery-item' style=\"width:24.875%\">\n<dt class='gallery-icon'><a rel=\"http:\/\/www.facebook.com\/album.php?fbid=180514928776448&amp;id=163383610489580&amp;aid=1073741870\" class=\"fbPhoto\" href=\"https:\/\/fbcdn-sphotos-b-a.akamaihd.net\/hphotos-ak-ash4\/s720x720\/1000190_180515152109759_148752235_n.jpg\" title=\" \" ><img decoding=\"async\" src=\"https:\/\/fbcdn-photos-b-a.akamaihd.net\/hphotos-ak-ash4\/1000190_180515152109759_148752235_s.jpg\" alt=\"\" \/><\/a><\/dt>\n<dd class='gallery-caption'><\/dd>\n<\/dl>\n<dl class='gallery-item' style=\"width:24.875%\">\n<dt class='gallery-icon'><a rel=\"http:\/\/www.facebook.com\/album.php?fbid=180514928776448&amp;id=163383610489580&amp;aid=1073741870\" class=\"fbPhoto\" href=\"https:\/\/sphotos-a.xx.fbcdn.net\/hphotos-frc3\/s720x720\/969078_180515192109755_1646005773_n.jpg\" title=\" \" ><img decoding=\"async\" src=\"https:\/\/photos-a.xx.fbcdn.net\/hphotos-frc3\/969078_180515192109755_1646005773_s.jpg\" alt=\"\" \/><\/a><\/dt>\n<dd class='gallery-caption'><\/dd>\n<\/dl>\n<dl class='gallery-item' style=\"width:24.875%\">\n<dt class='gallery-icon'><a rel=\"http:\/\/www.facebook.com\/album.php?fbid=180514928776448&amp;id=163383610489580&amp;aid=1073741870\" class=\"fbPhoto\" href=\"https:\/\/fbcdn-sphotos-c-a.akamaihd.net\/hphotos-ak-ash3\/s720x720\/943465_180515202109754_2086088301_n.jpg\" title=\" \" ><img decoding=\"async\" src=\"https:\/\/fbcdn-photos-c-a.akamaihd.net\/hphotos-ak-ash3\/943465_180515202109754_2086088301_s.jpg\" alt=\"\" \/><\/a><\/dt>\n<dd class='gallery-caption'><\/dd>\n<\/dl>\n<dl class='gallery-item' style=\"width:24.875%\">\n<dt class='gallery-icon'><a rel=\"http:\/\/www.facebook.com\/album.php?fbid=180514928776448&amp;id=163383610489580&amp;aid=1073741870\" class=\"fbPhoto\" href=\"https:\/\/sphotos-a.xx.fbcdn.net\/hphotos-prn2\/s720x720\/970189_180515205443087_318554267_n.jpg\" title=\" \" ><img decoding=\"async\" src=\"https:\/\/photos-a.xx.fbcdn.net\/hphotos-prn2\/970189_180515205443087_318554267_s.jpg\" alt=\"\" \/><\/a><\/dt>\n<dd class='gallery-caption'><\/dd>\n<\/dl>\n<p><br style=\"clear: both\" \/><\/p>\n<dl class='gallery-item' style=\"width:24.875%\">\n<dt class='gallery-icon'><a rel=\"http:\/\/www.facebook.com\/album.php?fbid=180514928776448&amp;id=163383610489580&amp;aid=1073741870\" class=\"fbPhoto\" href=\"https:\/\/fbcdn-sphotos-f-a.akamaihd.net\/hphotos-ak-ash3\/s720x720\/8507_180515328776408_7381221_n.jpg\" title=\" \" ><img decoding=\"async\" src=\"https:\/\/fbcdn-photos-f-a.akamaihd.net\/hphotos-ak-ash3\/8507_180515328776408_7381221_s.jpg\" alt=\"\" \/><\/a><\/dt>\n<dd class='gallery-caption'><\/dd>\n<\/dl>\n<dl class='gallery-item' style=\"width:24.875%\">\n<dt class='gallery-icon'><a rel=\"http:\/\/www.facebook.com\/album.php?fbid=180514928776448&amp;id=163383610489580&amp;aid=1073741870\" class=\"fbPhoto\" href=\"https:\/\/fbcdn-sphotos-g-a.akamaihd.net\/hphotos-ak-ash4\/s720x720\/1003988_180515325443075_2143747758_n.jpg\" title=\" \" ><img decoding=\"async\" src=\"https:\/\/fbcdn-photos-g-a.akamaihd.net\/hphotos-ak-ash4\/1003988_180515325443075_2143747758_s.jpg\" alt=\"\" \/><\/a><\/dt>\n<dd class='gallery-caption'><\/dd>\n<\/dl>\n<dl class='gallery-item' style=\"width:24.875%\">\n<dt class='gallery-icon'><a rel=\"http:\/\/www.facebook.com\/album.php?fbid=180514928776448&amp;id=163383610489580&amp;aid=1073741870\" class=\"fbPhoto\" href=\"https:\/\/sphotos-b.xx.fbcdn.net\/hphotos-frc3\/s720x720\/972150_180515338776407_597134401_n.jpg\" title=\" \" ><img decoding=\"async\" src=\"https:\/\/photos-b.xx.fbcdn.net\/hphotos-frc3\/972150_180515338776407_597134401_s.jpg\" alt=\"\" \/><\/a><\/dt>\n<dd class='gallery-caption'><\/dd>\n<\/dl>\n<dl class='gallery-item' style=\"width:24.875%\">\n<dt class='gallery-icon'><a rel=\"http:\/\/www.facebook.com\/album.php?fbid=180514928776448&amp;id=163383610489580&amp;aid=1073741870\" class=\"fbPhoto\" href=\"https:\/\/sphotos-b.xx.fbcdn.net\/hphotos-ash4\/s720x720\/1004721_180515418776399_1905752068_n.jpg\" title=\" \" ><img decoding=\"async\" src=\"https:\/\/photos-b.xx.fbcdn.net\/hphotos-ash4\/1004721_180515418776399_1905752068_s.jpg\" alt=\"\" \/><\/a><\/dt>\n<dd class='gallery-caption'><\/dd>\n<\/dl>\n<p><br style=\"clear: both\" \/><\/p>\n<dl class='gallery-item' style=\"width:24.875%\">\n<dt class='gallery-icon'><a rel=\"http:\/\/www.facebook.com\/album.php?fbid=180514928776448&amp;id=163383610489580&amp;aid=1073741870\" class=\"fbPhoto\" href=\"https:\/\/fbcdn-sphotos-g-a.akamaihd.net\/hphotos-ak-prn2\/s720x720\/969070_180515472109727_191800782_n.jpg\" title=\" \" ><img decoding=\"async\" src=\"https:\/\/fbcdn-photos-g-a.akamaihd.net\/hphotos-ak-prn2\/969070_180515472109727_191800782_s.jpg\" alt=\"\" \/><\/a><\/dt>\n<dd class='gallery-caption'><\/dd>\n<\/dl>\n<dl class='gallery-item' style=\"width:24.875%\">\n<dt class='gallery-icon'><a rel=\"http:\/\/www.facebook.com\/album.php?fbid=180514928776448&amp;id=163383610489580&amp;aid=1073741870\" class=\"fbPhoto\" href=\"https:\/\/fbcdn-sphotos-h-a.akamaihd.net\/hphotos-ak-ash4\/s720x720\/1005715_180515435443064_1110968396_n.jpg\" title=\" \" ><img decoding=\"async\" src=\"https:\/\/fbcdn-photos-h-a.akamaihd.net\/hphotos-ak-ash4\/1005715_180515435443064_1110968396_s.jpg\" alt=\"\" \/><\/a><\/dt>\n<dd class='gallery-caption'><\/dd>\n<\/dl>\n<dl class='gallery-item' style=\"width:24.875%\">\n<dt class='gallery-icon'><a rel=\"http:\/\/www.facebook.com\/album.php?fbid=180514928776448&amp;id=163383610489580&amp;aid=1073741870\" class=\"fbPhoto\" href=\"https:\/\/fbcdn-sphotos-a-a.akamaihd.net\/hphotos-ak-prn2\/s720x720\/8444_180515505443057_436380045_n.jpg\" title=\" \" ><img decoding=\"async\" src=\"https:\/\/fbcdn-photos-a-a.akamaihd.net\/hphotos-ak-prn2\/8444_180515505443057_436380045_s.jpg\" alt=\"\" \/><\/a><\/dt>\n<dd class='gallery-caption'><\/dd>\n<\/dl>\n<dl class='gallery-item' style=\"width:24.875%\">\n<dt class='gallery-icon'><a rel=\"http:\/\/www.facebook.com\/album.php?fbid=180514928776448&amp;id=163383610489580&amp;aid=1073741870\" class=\"fbPhoto\" href=\"https:\/\/sphotos-b.xx.fbcdn.net\/hphotos-ash3\/s720x720\/994760_180515602109714_1070809837_n.jpg\" title=\" \" ><img decoding=\"async\" src=\"https:\/\/photos-b.xx.fbcdn.net\/hphotos-ash3\/994760_180515602109714_1070809837_s.jpg\" alt=\"\" \/><\/a><\/dt>\n<dd class='gallery-caption'><\/dd>\n<\/dl>\n<p><br style=\"clear: both\" \/><\/p>\n<dl class='gallery-item' style=\"width:24.875%\">\n<dt class='gallery-icon'><a rel=\"http:\/\/www.facebook.com\/album.php?fbid=180514928776448&amp;id=163383610489580&amp;aid=1073741870\" class=\"fbPhoto\" href=\"https:\/\/fbcdn-sphotos-b-a.akamaihd.net\/hphotos-ak-frc1\/s720x720\/1000424_180515628776378_2020777628_n.jpg\" title=\" \" ><img decoding=\"async\" src=\"https:\/\/fbcdn-photos-b-a.akamaihd.net\/hphotos-ak-frc1\/1000424_180515628776378_2020777628_s.jpg\" alt=\"\" \/><\/a><\/dt>\n<dd class='gallery-caption'><\/dd>\n<\/dl>\n<dl class='gallery-item' style=\"width:24.875%\">\n<dt class='gallery-icon'><a rel=\"http:\/\/www.facebook.com\/album.php?fbid=180514928776448&amp;id=163383610489580&amp;aid=1073741870\" class=\"fbPhoto\" href=\"https:\/\/sphotos-b.xx.fbcdn.net\/hphotos-ash3\/s720x720\/942832_180515642109710_1184672115_n.jpg\" title=\" \" ><img decoding=\"async\" src=\"https:\/\/photos-b.xx.fbcdn.net\/hphotos-ash3\/942832_180515642109710_1184672115_s.jpg\" alt=\"\" \/><\/a><\/dt>\n<dd class='gallery-caption'><\/dd>\n<\/dl>\n<dl class='gallery-item' style=\"width:24.875%\">\n<dt class='gallery-icon'><a rel=\"http:\/\/www.facebook.com\/album.php?fbid=180514928776448&amp;id=163383610489580&amp;aid=1073741870\" class=\"fbPhoto\" href=\"https:\/\/sphotos-a.xx.fbcdn.net\/hphotos-prn1\/s720x720\/936144_180515752109699_121154597_n.jpg\" title=\" \" ><img decoding=\"async\" src=\"https:\/\/photos-a.xx.fbcdn.net\/hphotos-prn1\/936144_180515752109699_121154597_s.jpg\" alt=\"\" \/><\/a><\/dt>\n<dd class='gallery-caption'><\/dd>\n<\/dl>\n<dl class='gallery-item' style=\"width:24.875%\">\n<dt class='gallery-icon'><a rel=\"http:\/\/www.facebook.com\/album.php?fbid=180514928776448&amp;id=163383610489580&amp;aid=1073741870\" class=\"fbPhoto\" href=\"https:\/\/fbcdn-sphotos-f-a.akamaihd.net\/hphotos-ak-ash3\/s720x720\/942590_180515735443034_1435602029_n.jpg\" title=\" \" ><img decoding=\"async\" src=\"https:\/\/fbcdn-photos-f-a.akamaihd.net\/hphotos-ak-ash3\/942590_180515735443034_1435602029_s.jpg\" alt=\"\" \/><\/a><\/dt>\n<dd class='gallery-caption'><\/dd>\n<\/dl>\n<p><br style=\"clear: both\" \/><\/p>\n<dl class='gallery-item' style=\"width:24.875%\">\n<dt class='gallery-icon'><a rel=\"http:\/\/www.facebook.com\/album.php?fbid=180514928776448&amp;id=163383610489580&amp;aid=1073741870\" class=\"fbPhoto\" href=\"https:\/\/sphotos-a.xx.fbcdn.net\/hphotos-ash3\/s720x720\/5230_180515748776366_993491275_n.jpg\" title=\" \" ><img decoding=\"async\" src=\"https:\/\/photos-a.xx.fbcdn.net\/hphotos-ash3\/5230_180515748776366_993491275_s.jpg\" alt=\"\" \/><\/a><\/dt>\n<dd class='gallery-caption'><\/dd>\n<\/dl>\n<dl class='gallery-item' style=\"width:24.875%\">\n<dt class='gallery-icon'><a rel=\"http:\/\/www.facebook.com\/album.php?fbid=180514928776448&amp;id=163383610489580&amp;aid=1073741870\" class=\"fbPhoto\" href=\"https:\/\/sphotos-a.xx.fbcdn.net\/hphotos-ash4\/s720x720\/1763_180515858776355_913682959_n.jpg\" title=\" \" ><img decoding=\"async\" src=\"https:\/\/photos-a.xx.fbcdn.net\/hphotos-ash4\/1763_180515858776355_913682959_s.jpg\" alt=\"\" \/><\/a><\/dt>\n<dd class='gallery-caption'><\/dd>\n<\/dl>\n<dl class='gallery-item' style=\"width:24.875%\">\n<dt class='gallery-icon'><a rel=\"http:\/\/www.facebook.com\/album.php?fbid=180514928776448&amp;id=163383610489580&amp;aid=1073741870\" class=\"fbPhoto\" href=\"https:\/\/sphotos-b.xx.fbcdn.net\/hphotos-ash4\/s720x720\/993073_180515932109681_1001315236_n.jpg\" title=\" \" ><img decoding=\"async\" src=\"https:\/\/photos-b.xx.fbcdn.net\/hphotos-ash4\/993073_180515932109681_1001315236_s.jpg\" alt=\"\" \/><\/a><\/dt>\n<dd class='gallery-caption'><\/dd>\n<\/dl>\n<dl class='gallery-item' style=\"width:24.875%\">\n<dt class='gallery-icon'><a rel=\"http:\/\/www.facebook.com\/album.php?fbid=180514928776448&amp;id=163383610489580&amp;aid=1073741870\" class=\"fbPhoto\" href=\"https:\/\/sphotos-a.xx.fbcdn.net\/hphotos-ash4\/s720x720\/3732_180515925443015_902780946_n.jpg\" title=\" \" ><img decoding=\"async\" src=\"https:\/\/photos-a.xx.fbcdn.net\/hphotos-ash4\/3732_180515925443015_902780946_s.jpg\" alt=\"\" \/><\/a><\/dt>\n<dd class='gallery-caption'><\/dd>\n<\/dl>\n<p><br style=\"clear: both\" \/><\/p>\n<dl class='gallery-item' style=\"width:24.875%\">\n<dt class='gallery-icon'><a rel=\"http:\/\/www.facebook.com\/album.php?fbid=180514928776448&amp;id=163383610489580&amp;aid=1073741870\" class=\"fbPhoto\" href=\"https:\/\/fbcdn-sphotos-d-a.akamaihd.net\/hphotos-ak-ash4\/s720x720\/1003120_180515952109679_1982429028_n.jpg\" title=\" \" ><img decoding=\"async\" src=\"https:\/\/fbcdn-photos-d-a.akamaihd.net\/hphotos-ak-ash4\/1003120_180515952109679_1982429028_s.jpg\" alt=\"\" \/><\/a><\/dt>\n<dd class='gallery-caption'><\/dd>\n<\/dl>\n<p><br style=\"clear: both\" \/><\/p>\n<\/div>\n<p><span class=\"fpfcredit\">Generated by <i>Facebook Photo Fetcher 2<\/i><\/span><br \/>\n<script type=\"text\/javascript\">\/\/<!--\n\t\tjQuery(document).ready(function() {\n\t\t\tjQuery(\"a[rel*='180514928776448']\").fancybox({\n\t\t\t\t\"transitionIn\"\t: \"elastic\",\n\t\t\t\t\"transitionOut\"\t: \"elastic\",\n\t\t\t\t\"titlePosition\" : \"inside\",\n\t\t\t\t\"titleFormat\"\t: function(title, currentArray, currentIndex, currentOpts)\n\t\t\t\t{\n\t\t\t\t\treturn \"<span id='fancybox-title-over' style='background-image:none; text-align:left;'>\" + (title.length ? title : \"\") + \"<\/span>\";\n\t\t\t\t}\n\t\t\t});\n\t\t});\n\/\/--><\/script><br \/>\n<!-- End Album 180514928776448 --><br \/>\n<!--\/FBGallery2--> (FESTIVA DA SARDINHA E DA CAVALA)<\/p>\n","protected":false},"excerpt":{"rendered":"<p>&#8220;PARAB\u00c9NS \u00c0 ASSOCIA\u00c7\u00c3O M\u00d3-G\u00c2NDARA E EM PARTICULAR \u00c0 ASSOCIA\u00c7\u00c3O FIGUEIRA COM SABOR A MAR, PELA REALIZA\u00c7\u00c3O DESTE EVENTO.&#8221; From FESTIVA DA SARDINHA E DA CAVALA, posted by Freguesia de Moinhos da G\u00e2ndara on 6\/09\/2013 (29 items) Generated by Facebook Photo Fetcher 2 (FESTIVA DA SARDINHA E DA CAVALA)<\/p>\n","protected":false},"author":1,"featured_media":0,"parent":0,"menu_order":0,"comment_status":"closed","ping_status":"closed","template":"","meta":{"om_disable_all_campaigns":false,"_monsterinsights_skip_tracking":false,"_monsterinsights_sitenote_active":false,"_monsterinsights_sitenote_note":"","_monsterinsights_sitenote_category":0,"powered_cache_disable_cache":false,"powered_cache_disable_lazyload":false,"footnotes":""},"class_list":["post-621","page","type-page","status-publish","hentry"],"aioseo_notices":[],"blog_post_layout_featured_media_urls":{"thumbnail":"","full":""},"categories_names":null,"comments_number":"0","jetpack_sharing_enabled":true,"_links":{"self":[{"href":"https:\/\/jf-moinhosdagandara.pt\/index.php?rest_route=\/wp\/v2\/pages\/621","targetHints":{"allow":["GET"]}}],"collection":[{"href":"https:\/\/jf-moinhosdagandara.pt\/index.php?rest_route=\/wp\/v2\/pages"}],"about":[{"href":"https:\/\/jf-moinhosdagandara.pt\/index.php?rest_route=\/wp\/v2\/types\/page"}],"author":[{"embeddable":true,"href":"https:\/\/jf-moinhosdagandara.pt\/index.php?rest_route=\/wp\/v2\/users\/1"}],"replies":[{"embeddable":true,"href":"https:\/\/jf-moinhosdagandara.pt\/index.php?rest_route=%2Fwp%2Fv2%2Fcomments&post=621"}],"version-history":[{"count":1,"href":"https:\/\/jf-moinhosdagandara.pt\/index.php?rest_route=\/wp\/v2\/pages\/621\/revisions"}],"predecessor-version":[{"id":622,"href":"https:\/\/jf-moinhosdagandara.pt\/index.php?rest_route=\/wp\/v2\/pages\/621\/revisions\/622"}],"wp:attachment":[{"href":"https:\/\/jf-moinhosdagandara.pt\/index.php?rest_route=%2Fwp%2Fv2%2Fmedia&parent=621"}],"curies":[{"name":"wp","href":"https:\/\/api.w.org\/{rel}","templated":true}]}}