{"id":69,"date":"2013-03-20T17:23:26","date_gmt":"2013-03-20T17:23:26","guid":{"rendered":"http:\/\/pedrosilva.us\/junta\/?page_id=69"},"modified":"2013-03-20T17:23:26","modified_gmt":"2013-03-20T17:23:26","slug":"processo-de-criacao","status":"publish","type":"page","link":"https:\/\/jf-moinhosdagandara.pt\/?page_id=69","title":{"rendered":"Processo de cria\u00e7\u00e3o"},"content":{"rendered":"<div>\n<p>O facto de estar distante das Alhadas (antiga sede de freguesia) e isolada por pinhais, levou a popula\u00e7\u00e3o a reivindicar uma freguesia. A inten\u00e7\u00e3o de Cria\u00e7\u00e3o desta Freguesia tem origem ainda antes de 1988, com as viagens sucessivas \u00e0 sede do Partido Socialista da Figueira da Foz, procurando apoios e esclarecimentos sobre o modo de elabora\u00e7\u00e3o do Projecto.<\/p>\n<p>Um primeiro Projecto haveria de ser elaborado e daria entrada na Assembleia de Freguesia para vota\u00e7\u00e3o em 09 de Junho de 1988. Mas nesta altura teve apenas dois votos favor\u00e1veis (Jos\u00e9 Augusto Sim\u00f5es Oliveira e Prof. Filipe Vaz (PRD)). Seguiram-se mais alguns projectos, mas que nunca chegaram \u00e0 vota\u00e7\u00e3o na Assembleia da Rep\u00fablica.<\/p>\n<p>O PROJECTO<\/p>\n<p>A partir duma reuni\u00e3o promovida pelo Sr. Manuel Fajardo Silva (Santana) em casa do Sr. Azenha Gomes, onde estiveram tamb\u00e9m presentes os Srs. Manuel Oliveira Ferreira, Jos\u00e9 da Silva Cabete, Jos\u00e9 Margato da Silva Carvalho (Bom-Sucesso), Dr. Joaquim de Sousa bem como o Deputado Dr. Paulo Pereira Coelho, saiu a ideia de formular uma Lista do Partido Social Democrata (PSD), para concorrer \u00e0s Alhadas, com vista \u00e0 cria\u00e7\u00e3o futura da Junta de Freguesia, tendo a lista sido composta pelos Srs. Manuel Oliveira Ferreira e Jos\u00e9 Augusto Sim\u00f5es Oliveira, pelo Norte da Freguesia. Ap\u00f3s promessa de empenhamento da Cria\u00e7\u00e3o da Freguesia no Norte de Alhadas por parte do Dr. Paulo Pereira Coelho viriam estes dois elementos a empenharem-se tamb\u00e9m na consecu\u00e7\u00e3o de bons resultados eleitorais que tornassem poss\u00edvel a cria\u00e7\u00e3o da mesma. Ap\u00f3s o Acto Eleitoral de 1993 (Aut\u00e1rquicas) teve lugar uma primeira reuni\u00e3o em casa do Sr. Jorge Cabete Oliveira, na Quinta dos Vig\u00e1rios, aos 22 de Janeiro de 1994, com a presen\u00e7a dos Srs. Manuel Oliveira Ferreira, Jos\u00e9 Augusto Sim\u00f5es Oliveira, Jos\u00e9 Manuel Oliveira Heleno, Jorge Manuel Cabete Oliveira, Jos\u00e9 Ant\u00f3nio Matos Lopes, Jos\u00e9 Figueiredo Curto e Ant\u00f3nio Azenha Gomes. Desta reuni\u00e3o nasceu a Comiss\u00e3o Promotora constitu\u00edda pelos seguintes elementos: Manuel Oliveira Ferreira, Jos\u00e9 Augusto Sim\u00f5es Oliveira, Jos\u00e9 Manuel Oliveira Heleno, Jorge Manuel Cabete Oliveira, Jos\u00e9 Ant\u00f3nio Matos Lopes, Jos\u00e9 Figueiredo Curto, Albano Gon\u00e7alves L\u00e9, Carlos Alberto Silva Ferreira e Jos\u00e9 Augusto Azenha Eul\u00e1lio. Depois de muitas reuni\u00f5es tidas com e sem a presen\u00e7a do Dr. Paulo Pereira Coelho, o Projecto viria a dar entrada na Assembleia da Rep\u00fablica em 31 de Janeiro de 1994, , sob o n\u00famero 373\/6 e de seu nome &#8220;Junta de Freguesia da G\u00e2ndara&#8221;, nome este que viria a ser alterado para &#8220;Moinhos da G\u00e2ndara&#8221;, face a um artigo redigido pelo Dr. Idal\u00e9cio Ca\u00e7\u00e3o no Jornal &#8220;O FIGUEIRENSE&#8221; de 13 de Maio de 1994. Com as Elei\u00e7\u00f5es de 1995, muda o Governo e consequentemente o Projecto teve que ser renovado pelo Dr. Paulo Pereira Coelho que n\u00e3o baixou os bra\u00e7os, Projecto lei Nr.33\/VII (PPD\/PSD).Apesar de nunca ter tido um apoio expresso por parte do Partido Socialista, este Projecto viria a ser aprovado por unanimidade em 07 de Maio de 1997 pela C\u00e2mara Municipal, tamb\u00e9m por unanimidade pela Assembleia Municipal em 16 de Maio de 1997 e em Assembleia de Freguesia de Alhadas por maioria em 19 de Maio de 1997. A conclus\u00e3o deste projecto viria a culminar com a aprova\u00e7\u00e3o pela Assembleia da Rep\u00fablica em 20 Junho de 1997, dia este que ficar\u00e1 marcado nas nossas mem\u00f3rias como um dia Hist\u00f3rico dos mais importantes para a nossa Terra. <b>A publica\u00e7\u00e3o em Di\u00e1rio da Rep\u00fablica ocorreu em 12 de Julho de 1997 sobe a Lei n.\u00ba 25\/97 &#8220;Cria\u00e7\u00e3o da Freguesia de Moinhos da G\u00e2ndara, no Concelho da Figueira da Foz&#8221;<\/b>.<\/p>\n<\/div>\n","protected":false},"excerpt":{"rendered":"<p>O facto de estar distante das Alhadas (antiga sede de freguesia) e isolada por pinhais, levou a popula\u00e7\u00e3o a reivindicar uma freguesia. A inten\u00e7\u00e3o de Cria\u00e7\u00e3o desta Freguesia tem origem ainda antes de 1988, com as viagens sucessivas \u00e0 sede do Partido Socialista da Figueira da Foz, procurando apoios e esclarecimentos sobre o modo de elabora\u00e7\u00e3o do Projecto. Um primeiro Projecto haveria de ser elaborado e daria entrada na Assembleia de Freguesia para vota\u00e7\u00e3o em 09 de Junho de 1988. Mas nesta altura teve apenas dois votos favor\u00e1veis (Jos\u00e9 Augusto Sim\u00f5es Oliveira e Prof. Filipe Vaz (PRD)). Seguiram-se mais alguns projectos, mas que nunca chegaram \u00e0 vota\u00e7\u00e3o na Assembleia da Rep\u00fablica. O PROJECTO A partir duma reuni\u00e3o promovida pelo Sr. Manuel Fajardo Silva (Santana) em casa do Sr. Azenha Gomes, onde estiveram tamb\u00e9m presentes os Srs. Manuel Oliveira Ferreira, Jos\u00e9 da Silva Cabete, Jos\u00e9 Margato da Silva Carvalho (Bom-Sucesso), Dr. Joaquim de Sousa bem como o Deputado Dr. Paulo Pereira Coelho, saiu a ideia de formular uma Lista do Partido Social Democrata (PSD), para concorrer \u00e0s Alhadas, com vista \u00e0 cria\u00e7\u00e3o futura da Junta de Freguesia, tendo a lista sido composta pelos Srs. Manuel Oliveira Ferreira e Jos\u00e9 Augusto Sim\u00f5es Oliveira, pelo Norte da Freguesia. Ap\u00f3s promessa de empenhamento da Cria\u00e7\u00e3o da Freguesia no Norte de Alhadas por parte do Dr. Paulo Pereira Coelho viriam estes dois elementos a empenharem-se tamb\u00e9m na consecu\u00e7\u00e3o de bons resultados eleitorais que tornassem poss\u00edvel a cria\u00e7\u00e3o da mesma. Ap\u00f3s o Acto Eleitoral de 1993 (Aut\u00e1rquicas) teve lugar uma primeira reuni\u00e3o em casa do Sr. Jorge Cabete Oliveira, na Quinta dos Vig\u00e1rios, aos 22 de Janeiro de 1994, com a presen\u00e7a dos Srs. Manuel Oliveira Ferreira, Jos\u00e9 Augusto Sim\u00f5es Oliveira, Jos\u00e9 Manuel Oliveira Heleno, Jorge Manuel Cabete Oliveira, Jos\u00e9 Ant\u00f3nio Matos Lopes, Jos\u00e9 Figueiredo Curto e Ant\u00f3nio Azenha Gomes. Desta reuni\u00e3o nasceu a Comiss\u00e3o Promotora constitu\u00edda pelos seguintes elementos: Manuel Oliveira Ferreira, Jos\u00e9 Augusto Sim\u00f5es Oliveira, Jos\u00e9 Manuel Oliveira Heleno, Jorge Manuel Cabete Oliveira, Jos\u00e9 Ant\u00f3nio Matos Lopes, Jos\u00e9 Figueiredo Curto, Albano Gon\u00e7alves L\u00e9, Carlos Alberto Silva Ferreira e Jos\u00e9 Augusto Azenha Eul\u00e1lio. Depois de muitas reuni\u00f5es tidas com e sem a presen\u00e7a do Dr. Paulo Pereira Coelho, o Projecto viria a dar entrada na Assembleia da Rep\u00fablica em 31 de Janeiro de 1994, , sob o n\u00famero 373\/6 e de seu nome &#8220;Junta de Freguesia da G\u00e2ndara&#8221;, nome este que viria a ser alterado para &#8220;Moinhos da G\u00e2ndara&#8221;, face a um artigo redigido pelo Dr. Idal\u00e9cio Ca\u00e7\u00e3o no Jornal &#8220;O FIGUEIRENSE&#8221; de 13 de Maio de 1994. Com as Elei\u00e7\u00f5es de 1995, muda o Governo e consequentemente o Projecto teve que ser renovado pelo Dr. Paulo Pereira Coelho que n\u00e3o baixou os bra\u00e7os, Projecto lei Nr.33\/VII (PPD\/PSD).Apesar de nunca ter tido um apoio expresso por parte do Partido Socialista, este Projecto viria a ser aprovado por unanimidade em 07 de Maio de 1997 pela C\u00e2mara Municipal, tamb\u00e9m por unanimidade pela Assembleia Municipal em 16 de Maio de 1997 e em Assembleia de Freguesia de Alhadas por maioria em 19 de Maio de 1997. A conclus\u00e3o deste projecto viria a culminar com a aprova\u00e7\u00e3o pela Assembleia da Rep\u00fablica em 20 Junho de 1997, dia este que ficar\u00e1 marcado nas nossas mem\u00f3rias como um dia Hist\u00f3rico dos mais importantes para a nossa Terra. A publica\u00e7\u00e3o em Di\u00e1rio da Rep\u00fablica ocorreu em 12 de Julho de 1997 sobe a Lei n.\u00ba 25\/97 &#8220;Cria\u00e7\u00e3o da Freguesia de Moinhos da G\u00e2ndara, no Concelho da Figueira da Foz&#8221;.<\/p>\n","protected":false},"author":1,"featured_media":0,"parent":0,"menu_order":0,"comment_status":"open","ping_status":"open","template":"","meta":{"om_disable_all_campaigns":false,"_monsterinsights_skip_tracking":false,"_monsterinsights_sitenote_active":false,"_monsterinsights_sitenote_note":"","_monsterinsights_sitenote_category":0,"powered_cache_disable_cache":false,"powered_cache_disable_lazyload":false,"footnotes":""},"class_list":["post-69","page","type-page","status-publish","hentry"],"aioseo_notices":[],"blog_post_layout_featured_media_urls":{"thumbnail":"","full":""},"categories_names":null,"comments_number":"0","jetpack_sharing_enabled":true,"_links":{"self":[{"href":"https:\/\/jf-moinhosdagandara.pt\/index.php?rest_route=\/wp\/v2\/pages\/69","targetHints":{"allow":["GET"]}}],"collection":[{"href":"https:\/\/jf-moinhosdagandara.pt\/index.php?rest_route=\/wp\/v2\/pages"}],"about":[{"href":"https:\/\/jf-moinhosdagandara.pt\/index.php?rest_route=\/wp\/v2\/types\/page"}],"author":[{"embeddable":true,"href":"https:\/\/jf-moinhosdagandara.pt\/index.php?rest_route=\/wp\/v2\/users\/1"}],"replies":[{"embeddable":true,"href":"https:\/\/jf-moinhosdagandara.pt\/index.php?rest_route=%2Fwp%2Fv2%2Fcomments&post=69"}],"version-history":[{"count":0,"href":"https:\/\/jf-moinhosdagandara.pt\/index.php?rest_route=\/wp\/v2\/pages\/69\/revisions"}],"wp:attachment":[{"href":"https:\/\/jf-moinhosdagandara.pt\/index.php?rest_route=%2Fwp%2Fv2%2Fmedia&parent=69"}],"curies":[{"name":"wp","href":"https:\/\/api.w.org\/{rel}","templated":true}]}}