{"id":81,"date":"2013-03-20T17:28:16","date_gmt":"2013-03-20T17:28:16","guid":{"rendered":"http:\/\/pedrosilva.us\/junta\/?page_id=81"},"modified":"2021-06-23T11:18:31","modified_gmt":"2021-06-23T11:18:31","slug":"informacoes-e-servicos","status":"publish","type":"page","link":"https:\/\/jf-moinhosdagandara.pt\/?page_id=81","title":{"rendered":"Regulamentos"},"content":{"rendered":"<ul>\n<li><a href=\"pdf\/perg_freq_recenseamento_eleitoral.pdf\" target=\"_blank\" rel=\"noopener noreferrer\">Recenseamento<br \/>Eleitoral<\/a><\/li>\n<li><a href=\"pdf\/reg_taxas.pdf\" target=\"_blank\" rel=\"noopener noreferrer\">Regulamento de Taxas, Licen\u00e7as e Servi\u00e7os da Junta de<br \/>Freguesia<\/a><\/li>\n<li><a href=\"pdf\/reg_cem.pdf\" target=\"_blank\" rel=\"noopener noreferrer\">Regulamento do Cemit\u00e9rio<\/a><\/li>\n<li><a href=\"https:\/\/jf-moinhosdagandara.pt\/wp-content\/uploads\/2021\/06\/REGULAMENTO-CONTROLO-INTERNO.pdf\" target=\"_blank\" rel=\"noopener noreferrer\">Regulamento de controlo interno<\/a><\/li>\n<\/ul>\n\n\n<p><\/p>\n","protected":false},"excerpt":{"rendered":"<p>RecenseamentoEleitoral Regulamento de Taxas, Licen\u00e7as e Servi\u00e7os da Junta deFreguesia Regulamento do Cemit\u00e9rio Regulamento de controlo interno<\/p>\n","protected":false},"author":1,"featured_media":836,"parent":0,"menu_order":0,"comment_status":"open","ping_status":"open","template":"","meta":{"om_disable_all_campaigns":false,"_monsterinsights_skip_tracking":false,"_monsterinsights_sitenote_active":false,"_monsterinsights_sitenote_note":"","_monsterinsights_sitenote_category":0,"powered_cache_disable_cache":false,"powered_cache_disable_lazyload":false,"footnotes":""},"class_list":["post-81","page","type-page","status-publish","has-post-thumbnail","hentry"],"aioseo_notices":[],"blog_post_layout_featured_media_urls":{"thumbnail":["https:\/\/jf-moinhosdagandara.pt\/wp-content\/uploads\/2014\/04\/ANIV_ACRDG_DC-150x150.png",150,150,true],"full":["https:\/\/jf-moinhosdagandara.pt\/wp-content\/uploads\/2014\/04\/ANIV_ACRDG_DC.png",1008,735,false]},"categories_names":null,"comments_number":"0","jetpack_sharing_enabled":true,"_links":{"self":[{"href":"https:\/\/jf-moinhosdagandara.pt\/index.php?rest_route=\/wp\/v2\/pages\/81","targetHints":{"allow":["GET"]}}],"collection":[{"href":"https:\/\/jf-moinhosdagandara.pt\/index.php?rest_route=\/wp\/v2\/pages"}],"about":[{"href":"https:\/\/jf-moinhosdagandara.pt\/index.php?rest_route=\/wp\/v2\/types\/page"}],"author":[{"embeddable":true,"href":"https:\/\/jf-moinhosdagandara.pt\/index.php?rest_route=\/wp\/v2\/users\/1"}],"replies":[{"embeddable":true,"href":"https:\/\/jf-moinhosdagandara.pt\/index.php?rest_route=%2Fwp%2Fv2%2Fcomments&post=81"}],"version-history":[{"count":12,"href":"https:\/\/jf-moinhosdagandara.pt\/index.php?rest_route=\/wp\/v2\/pages\/81\/revisions"}],"predecessor-version":[{"id":3196,"href":"https:\/\/jf-moinhosdagandara.pt\/index.php?rest_route=\/wp\/v2\/pages\/81\/revisions\/3196"}],"wp:featuredmedia":[{"embeddable":true,"href":"https:\/\/jf-moinhosdagandara.pt\/index.php?rest_route=\/wp\/v2\/media\/836"}],"wp:attachment":[{"href":"https:\/\/jf-moinhosdagandara.pt\/index.php?rest_route=%2Fwp%2Fv2%2Fmedia&parent=81"}],"curies":[{"name":"wp","href":"https:\/\/api.w.org\/{rel}","templated":true}]}}