{"id":84,"date":"2013-03-20T17:29:14","date_gmt":"2013-03-20T17:29:14","guid":{"rendered":"http:\/\/pedrosilva.us\/junta\/?page_id=84"},"modified":"2013-03-20T17:29:14","modified_gmt":"2013-03-20T17:29:14","slug":"localizacao","status":"publish","type":"page","link":"https:\/\/jf-moinhosdagandara.pt\/?page_id=84","title":{"rendered":"Localiza\u00e7\u00e3o"},"content":{"rendered":"<div>\n<p>Freguesia de Moinhos da G\u00e2ndara fica situada no Concelho da Figueira da Foz, a 14 km a nordeste da sede de Concelho.<\/p>\n<p>Popula\u00e7\u00e3o: 2.000 habitantes<\/p>\n<p>Povoa\u00e7\u00f5es: Quinta dos Vig\u00e1rios, Ribas, Cunhas, Casal dos Chouri\u00e7os, Casal das Oliveiras, Lafrana de Cima, Lafrana\u00a0 de Baixo, Gestinha, Arneiro de Sazes e Azenha da Amieira.<\/p>\n<p>\u00c1rea: 16,08 km\u00b2<\/p>\n<p>Densidade: 124,2 hab\/km\u00b2<\/p>\n<p>Actividades Econ\u00f3micas: Os habitantes desta regi\u00e3o s\u00e3o eminentemente agricultores e oper\u00e1rios que se deslocam diariamente para os seus empregos localizados na FIGUEIRA DA FOZ, nomeadamente na C\u00e2mara Municipal do Concelho, nas ind\u00fastrias de celulose, constru\u00e7\u00e3o civil e madeira.<\/p>\n<p>Orago: Nossa Senhora da Sa\u00fade<\/p>\n<\/div>\n","protected":false},"excerpt":{"rendered":"<p>Freguesia de Moinhos da G\u00e2ndara fica situada no Concelho da Figueira da Foz, a 14 km a nordeste da sede de Concelho. Popula\u00e7\u00e3o: 2.000 habitantes Povoa\u00e7\u00f5es: Quinta dos Vig\u00e1rios, Ribas, Cunhas, Casal dos Chouri\u00e7os, Casal das Oliveiras, Lafrana de Cima, Lafrana\u00a0 de Baixo, Gestinha, Arneiro de Sazes e Azenha da Amieira. \u00c1rea: 16,08 km\u00b2 Densidade: 124,2 hab\/km\u00b2 Actividades Econ\u00f3micas: Os habitantes desta regi\u00e3o s\u00e3o eminentemente agricultores e oper\u00e1rios que se deslocam diariamente para os seus empregos localizados na FIGUEIRA DA FOZ, nomeadamente na C\u00e2mara Municipal do Concelho, nas ind\u00fastrias de celulose, constru\u00e7\u00e3o civil e madeira. Orago: Nossa Senhora da Sa\u00fade<\/p>\n","protected":false},"author":1,"featured_media":0,"parent":0,"menu_order":0,"comment_status":"open","ping_status":"open","template":"","meta":{"om_disable_all_campaigns":false,"_monsterinsights_skip_tracking":false,"_monsterinsights_sitenote_active":false,"_monsterinsights_sitenote_note":"","_monsterinsights_sitenote_category":0,"powered_cache_disable_cache":false,"powered_cache_disable_lazyload":false,"footnotes":""},"class_list":["post-84","page","type-page","status-publish","hentry"],"aioseo_notices":[],"blog_post_layout_featured_media_urls":{"thumbnail":"","full":""},"categories_names":null,"comments_number":"0","jetpack_sharing_enabled":true,"_links":{"self":[{"href":"https:\/\/jf-moinhosdagandara.pt\/index.php?rest_route=\/wp\/v2\/pages\/84","targetHints":{"allow":["GET"]}}],"collection":[{"href":"https:\/\/jf-moinhosdagandara.pt\/index.php?rest_route=\/wp\/v2\/pages"}],"about":[{"href":"https:\/\/jf-moinhosdagandara.pt\/index.php?rest_route=\/wp\/v2\/types\/page"}],"author":[{"embeddable":true,"href":"https:\/\/jf-moinhosdagandara.pt\/index.php?rest_route=\/wp\/v2\/users\/1"}],"replies":[{"embeddable":true,"href":"https:\/\/jf-moinhosdagandara.pt\/index.php?rest_route=%2Fwp%2Fv2%2Fcomments&post=84"}],"version-history":[{"count":0,"href":"https:\/\/jf-moinhosdagandara.pt\/index.php?rest_route=\/wp\/v2\/pages\/84\/revisions"}],"wp:attachment":[{"href":"https:\/\/jf-moinhosdagandara.pt\/index.php?rest_route=%2Fwp%2Fv2%2Fmedia&parent=84"}],"curies":[{"name":"wp","href":"https:\/\/api.w.org\/{rel}","templated":true}]}}