{"id":88,"date":"2013-03-20T17:29:57","date_gmt":"2013-03-20T17:29:57","guid":{"rendered":"http:\/\/pedrosilva.us\/junta\/?page_id=88"},"modified":"2026-02-01T21:39:25","modified_gmt":"2026-02-01T21:39:25","slug":"contactoshorario","status":"publish","type":"page","link":"https:\/\/jf-moinhosdagandara.pt\/?page_id=88","title":{"rendered":"Contactos\/Hor\u00e1rio"},"content":{"rendered":"<h4><strong>Assembleia e Junta de Freguesia<\/strong><\/h4>\n<p><strong>Morada:<\/strong><\/p>\n<p>Rua 20 de Junho, 33<\/p>\n<p>Quinta dos Vig\u00e1rios<\/p>\n<p>3090-826 Moinhos da G\u00e2ndara<\/p>\n<p>Telefone: 233 929 646<\/p>\n<p>e_mail: geral@jf-moinhosdagandara.pt<\/p>\n<p><strong>Hor\u00e1rio de Funcionamento:<\/strong><\/p>\n<p>Junta de Freguesia<\/p>\n<p>Secretaria:<\/p>\n<p>2\u00aa Feira a 6\u00aa Feira:<\/p>\n<p>09h00 \u00e0s 12h30 ::: 14H30 \u00e0s 17h30<\/p>\n<p>Executivo:<\/p>\n<p>1\u00aa e 3\u00aa quinta-feira de cada m\u00eas, das 20h30 \u00e0s 22h.<\/p>\n","protected":false},"excerpt":{"rendered":"<p>Assembleia e Junta de Freguesia Morada: Rua 20 de Junho, 33 Quinta dos Vig\u00e1rios 3090-826 Moinhos da G\u00e2ndara Telefone: 233 929 646 e_mail: geral@jf-moinhosdagandara.pt Hor\u00e1rio de Funcionamento: Junta de Freguesia Secretaria: 2\u00aa Feira a 6\u00aa Feira: 09h00 \u00e0s 12h30 ::: 14H30 \u00e0s 17h30 Executivo: 1\u00aa e 3\u00aa quinta-feira de cada m\u00eas, das 20h30 \u00e0s 22h.<\/p>\n","protected":false},"author":1,"featured_media":0,"parent":0,"menu_order":1,"comment_status":"open","ping_status":"open","template":"","meta":{"om_disable_all_campaigns":false,"_monsterinsights_skip_tracking":false,"_monsterinsights_sitenote_active":false,"_monsterinsights_sitenote_note":"","_monsterinsights_sitenote_category":0,"powered_cache_disable_cache":false,"powered_cache_disable_lazyload":false,"footnotes":""},"class_list":["post-88","page","type-page","status-publish","hentry"],"aioseo_notices":[],"blog_post_layout_featured_media_urls":{"thumbnail":"","full":""},"categories_names":null,"comments_number":"0","jetpack_sharing_enabled":true,"_links":{"self":[{"href":"https:\/\/jf-moinhosdagandara.pt\/index.php?rest_route=\/wp\/v2\/pages\/88","targetHints":{"allow":["GET"]}}],"collection":[{"href":"https:\/\/jf-moinhosdagandara.pt\/index.php?rest_route=\/wp\/v2\/pages"}],"about":[{"href":"https:\/\/jf-moinhosdagandara.pt\/index.php?rest_route=\/wp\/v2\/types\/page"}],"author":[{"embeddable":true,"href":"https:\/\/jf-moinhosdagandara.pt\/index.php?rest_route=\/wp\/v2\/users\/1"}],"replies":[{"embeddable":true,"href":"https:\/\/jf-moinhosdagandara.pt\/index.php?rest_route=%2Fwp%2Fv2%2Fcomments&post=88"}],"version-history":[{"count":11,"href":"https:\/\/jf-moinhosdagandara.pt\/index.php?rest_route=\/wp\/v2\/pages\/88\/revisions"}],"predecessor-version":[{"id":6135,"href":"https:\/\/jf-moinhosdagandara.pt\/index.php?rest_route=\/wp\/v2\/pages\/88\/revisions\/6135"}],"wp:attachment":[{"href":"https:\/\/jf-moinhosdagandara.pt\/index.php?rest_route=%2Fwp%2Fv2%2Fmedia&parent=88"}],"curies":[{"name":"wp","href":"https:\/\/api.w.org\/{rel}","templated":true}]}}